{"id":16575,"date":"2025-03-06T05:42:53","date_gmt":"2025-03-06T05:42:53","guid":{"rendered":"https:\/\/merakytech.com\/?page_id=16575"},"modified":"2025-04-07T17:30:57","modified_gmt":"2025-04-07T17:30:57","slug":"carriere","status":"publish","type":"page","link":"https:\/\/merakytech.com\/fr\/carriere\/","title":{"rendered":"Carri\u00e8re"},"content":{"rendered":"\t\t<div data-elementor-type=\"wp-page\" data-elementor-id=\"16575\" class=\"elementor elementor-16575\" data-elementor-post-type=\"page\">\n\t\t\t\t<div class=\"elementor-element elementor-element-d7d586c e-flex e-con-boxed e-con e-parent\" data-id=\"d7d586c\" data-element_type=\"container\" data-settings=\"{&quot;background_background&quot;:&quot;classic&quot;}\">\n\t\t\t\t\t<div class=\"e-con-inner\">\n\t\t\t\t<div class=\"elementor-element elementor-element-66dbbe4 exad-sticky-section-no exad-glass-effect-no elementor-widget elementor-widget-heading\" data-id=\"66dbbe4\" data-element_type=\"widget\" data-widget_type=\"heading.default\">\n\t\t\t\t<div class=\"elementor-widget-container\">\n\t\t\t\t\t<h1 class=\"elementor-heading-title elementor-size-default\">Carri\u00e8re chez Meraky Tech<\/h1>\t\t\t\t<\/div>\n\t\t\t\t<\/div>\n\t\t\t\t\t<\/div>\n\t\t\t\t<\/div>\n\t\t<div class=\"elementor-element elementor-element-afe6ff1 e-flex e-con-boxed e-con e-parent\" data-id=\"afe6ff1\" data-element_type=\"container\">\n\t\t\t\t\t<div class=\"e-con-inner\">\n\t\t<div class=\"elementor-element elementor-element-bf58cf3 e-con-full e-flex e-con e-child\" data-id=\"bf58cf3\" data-element_type=\"container\">\n\t\t\t\t<div class=\"elementor-element elementor-element-562e87c elementor-widget__width-auto exad-sticky-section-no exad-glass-effect-no elementor-widget elementor-widget-heading\" data-id=\"562e87c\" data-element_type=\"widget\" data-widget_type=\"heading.default\">\n\t\t\t\t<div class=\"elementor-widget-container\">\n\t\t\t\t\t<h2 class=\"elementor-heading-title elementor-size-default\">Rejoignez une \u00e9quipe innovante<\/h2>\t\t\t\t<\/div>\n\t\t\t\t<\/div>\n\t\t\t\t<\/div>\n\t\t<div class=\"elementor-element elementor-element-5ebb474 e-con-full e-flex e-con e-child\" data-id=\"5ebb474\" data-element_type=\"container\">\n\t\t\t\t<div class=\"elementor-element elementor-element-354f905 exad-sticky-section-no exad-glass-effect-no elementor-widget elementor-widget-text-editor\" data-id=\"354f905\" data-element_type=\"widget\" data-widget_type=\"text-editor.default\">\n\t\t\t\t<div class=\"elementor-widget-container\">\n\t\t\t\t\t\t\t\t\t<p>La r\u00e9ussite de la transformation digitale repose sur des collaborations solides et des partenariats strat\u00e9giques. L\u2019\u00e9cosyst\u00e8me de partenaires de Meraky Tech rassemble des entreprises et des experts reconnus dans divers domaines technologiques. Ce r\u00e9seau collaboratif permet d\u2019enrichir les projets, d\u2019acc\u00e9l\u00e9rer l\u2019innovation et de fournir des solutions compl\u00e8tes et adapt\u00e9es aux d\u00e9fis actuels du march\u00e9.<\/p>\t\t\t\t\t\t\t\t<\/div>\n\t\t\t\t<\/div>\n\t\t\t\t<\/div>\n\t\t\t\t\t<\/div>\n\t\t\t\t<\/div>\n\t\t<div class=\"elementor-element elementor-element-a5d823b e-con-full e-flex e-con e-parent\" data-id=\"a5d823b\" data-element_type=\"container\">\n\t\t\t\t<div class=\"elementor-element elementor-element-eeb0c4d exad-sticky-section-no exad-glass-effect-no elementor-widget elementor-widget-text-editor\" data-id=\"eeb0c4d\" data-element_type=\"widget\" data-widget_type=\"text-editor.default\">\n\t\t\t\t<div class=\"elementor-widget-container\">\n\t\t\t\t\t\t\t\t\t<p><strong>PAS D&#8217;OFFRES POUR LE MOMENT<\/strong><\/p>\t\t\t\t\t\t\t\t<\/div>\n\t\t\t\t<\/div>\n\t\t\t\t<\/div>\n\t\t\t\t<\/div>\n\t\t","protected":false},"excerpt":{"rendered":"<p>Carri\u00e8re chez Meraky Tech Rejoignez une \u00e9quipe innovante La r\u00e9ussite de la transformation digitale repose sur des collaborations solides et des partenariats strat\u00e9giques. L\u2019\u00e9cosyst\u00e8me de partenaires de Meraky Tech rassemble des entreprises et des experts reconnus dans divers domaines technologiques. Ce r\u00e9seau collaboratif permet d\u2019enrichir les projets, d\u2019acc\u00e9l\u00e9rer l\u2019innovation et de fournir des solutions compl\u00e8tes [&hellip;]<\/p>\n","protected":false},"author":1,"featured_media":0,"parent":0,"menu_order":0,"comment_status":"closed","ping_status":"closed","template":"","meta":{"footnotes":""},"class_list":["post-16575","page","type-page","status-publish","hentry"],"_links":{"self":[{"href":"https:\/\/merakytech.com\/fr\/wp-json\/wp\/v2\/pages\/16575","targetHints":{"allow":["GET"]}}],"collection":[{"href":"https:\/\/merakytech.com\/fr\/wp-json\/wp\/v2\/pages"}],"about":[{"href":"https:\/\/merakytech.com\/fr\/wp-json\/wp\/v2\/types\/page"}],"author":[{"embeddable":true,"href":"https:\/\/merakytech.com\/fr\/wp-json\/wp\/v2\/users\/1"}],"replies":[{"embeddable":true,"href":"https:\/\/merakytech.com\/fr\/wp-json\/wp\/v2\/comments?post=16575"}],"version-history":[{"count":13,"href":"https:\/\/merakytech.com\/fr\/wp-json\/wp\/v2\/pages\/16575\/revisions"}],"predecessor-version":[{"id":17548,"href":"https:\/\/merakytech.com\/fr\/wp-json\/wp\/v2\/pages\/16575\/revisions\/17548"}],"wp:attachment":[{"href":"https:\/\/merakytech.com\/fr\/wp-json\/wp\/v2\/media?parent=16575"}],"curies":[{"name":"wp","href":"https:\/\/api.w.org\/{rel}","templated":true}]}}