{"id":16573,"date":"2025-03-06T05:42:27","date_gmt":"2025-03-06T05:42:27","guid":{"rendered":"https:\/\/merakytech.com\/?page_id=16573"},"modified":"2025-04-07T17:30:46","modified_gmt":"2025-04-07T17:30:46","slug":"actualites","status":"publish","type":"page","link":"https:\/\/merakytech.com\/fr\/actualites\/","title":{"rendered":"Actualit\u00e9s"},"content":{"rendered":"\t\t<div data-elementor-type=\"wp-page\" data-elementor-id=\"16573\" class=\"elementor elementor-16573\" data-elementor-post-type=\"page\">\n\t\t\t\t<div class=\"elementor-element elementor-element-0b2ae9e e-flex e-con-boxed e-con e-parent\" data-id=\"0b2ae9e\" data-element_type=\"container\" data-settings=\"{&quot;background_background&quot;:&quot;classic&quot;}\">\n\t\t\t\t\t<div class=\"e-con-inner\">\n\t\t\t\t<div class=\"elementor-element elementor-element-1d6f24f exad-sticky-section-no exad-glass-effect-no elementor-widget elementor-widget-heading\" data-id=\"1d6f24f\" data-element_type=\"widget\" data-widget_type=\"heading.default\">\n\t\t\t\t<div class=\"elementor-widget-container\">\n\t\t\t\t\t<h1 class=\"elementor-heading-title elementor-size-default\">Articles &amp; Actualit\u00e9s<\/h1>\t\t\t\t<\/div>\n\t\t\t\t<\/div>\n\t\t\t\t\t<\/div>\n\t\t\t\t<\/div>\n\t\t<div class=\"elementor-element elementor-element-c7001e2 e-flex e-con-boxed e-con e-parent\" data-id=\"c7001e2\" data-element_type=\"container\">\n\t\t\t\t\t<div class=\"e-con-inner\">\n\t\t<div class=\"elementor-element elementor-element-8550679 e-con-full e-flex e-con e-child\" data-id=\"8550679\" data-element_type=\"container\">\n\t\t\t\t<div class=\"elementor-element elementor-element-c191a30 elementor-widget__width-auto exad-sticky-section-no exad-glass-effect-no elementor-widget elementor-widget-heading\" data-id=\"c191a30\" data-element_type=\"widget\" data-widget_type=\"heading.default\">\n\t\t\t\t<div class=\"elementor-widget-container\">\n\t\t\t\t\t<h2 class=\"elementor-heading-title elementor-size-default\">Meraky Tech fait d\u00e9couvrir<\/h2>\t\t\t\t<\/div>\n\t\t\t\t<\/div>\n\t\t\t\t<\/div>\n\t\t<div class=\"elementor-element elementor-element-ce42911 e-con-full e-flex e-con e-child\" data-id=\"ce42911\" data-element_type=\"container\">\n\t\t\t\t<div class=\"elementor-element elementor-element-db7b19a exad-sticky-section-no exad-glass-effect-no elementor-widget elementor-widget-text-editor\" data-id=\"db7b19a\" data-element_type=\"widget\" data-widget_type=\"text-editor.default\">\n\t\t\t\t<div class=\"elementor-widget-container\">\n\t\t\t\t\t\t\t\t\t<p>Plongez dans l&#8217;univers de l&#8217;innovation num\u00e9rique et d\u00e9couvrez nos analyses, \u00e9tudes de cas et conseils d&#8217;experts. Cette section regroupe l&#8217;ensemble de nos articles, con\u00e7us pour vous informer, inspirer et vous aider \u00e0 comprendre les enjeux de la transformation digitale dans un monde en constante \u00e9volution.<\/p>\t\t\t\t\t\t\t\t<\/div>\n\t\t\t\t<\/div>\n\t\t\t\t<\/div>\n\t\t\t\t\t<\/div>\n\t\t\t\t<\/div>\n\t\t\t\t<\/div>\n\t\t","protected":false},"excerpt":{"rendered":"<p>Articles &amp; Actualit\u00e9s Meraky Tech fait d\u00e9couvrir Plongez dans l&#8217;univers de l&#8217;innovation num\u00e9rique et d\u00e9couvrez nos analyses, \u00e9tudes de cas et conseils d&#8217;experts. Cette section regroupe l&#8217;ensemble de nos articles, con\u00e7us pour vous informer, inspirer et vous aider \u00e0 comprendre les enjeux de la transformation digitale dans un monde en constante \u00e9volution.<\/p>\n","protected":false},"author":1,"featured_media":0,"parent":0,"menu_order":0,"comment_status":"closed","ping_status":"closed","template":"","meta":{"footnotes":""},"class_list":["post-16573","page","type-page","status-publish","hentry"],"_links":{"self":[{"href":"https:\/\/merakytech.com\/fr\/wp-json\/wp\/v2\/pages\/16573","targetHints":{"allow":["GET"]}}],"collection":[{"href":"https:\/\/merakytech.com\/fr\/wp-json\/wp\/v2\/pages"}],"about":[{"href":"https:\/\/merakytech.com\/fr\/wp-json\/wp\/v2\/types\/page"}],"author":[{"embeddable":true,"href":"https:\/\/merakytech.com\/fr\/wp-json\/wp\/v2\/users\/1"}],"replies":[{"embeddable":true,"href":"https:\/\/merakytech.com\/fr\/wp-json\/wp\/v2\/comments?post=16573"}],"version-history":[{"count":7,"href":"https:\/\/merakytech.com\/fr\/wp-json\/wp\/v2\/pages\/16573\/revisions"}],"predecessor-version":[{"id":17545,"href":"https:\/\/merakytech.com\/fr\/wp-json\/wp\/v2\/pages\/16573\/revisions\/17545"}],"wp:attachment":[{"href":"https:\/\/merakytech.com\/fr\/wp-json\/wp\/v2\/media?parent=16573"}],"curies":[{"name":"wp","href":"https:\/\/api.w.org\/{rel}","templated":true}]}}