{"id":16567,"date":"2025-03-06T05:41:06","date_gmt":"2025-03-06T05:41:06","guid":{"rendered":"https:\/\/merakytech.com\/?page_id=16567"},"modified":"2025-04-08T02:41:09","modified_gmt":"2025-04-08T02:41:09","slug":"nos-partenaires","status":"publish","type":"page","link":"https:\/\/merakytech.com\/fr\/nos-partenaires\/","title":{"rendered":"Nos partenaires"},"content":{"rendered":"\t\t<div data-elementor-type=\"wp-page\" data-elementor-id=\"16567\" class=\"elementor elementor-16567\" data-elementor-post-type=\"page\">\n\t\t\t\t<div class=\"elementor-element elementor-element-9685ff2 e-flex e-con-boxed e-con e-parent\" data-id=\"9685ff2\" data-element_type=\"container\" data-settings=\"{&quot;background_background&quot;:&quot;classic&quot;}\">\n\t\t\t\t\t<div class=\"e-con-inner\">\n\t\t\t\t<div class=\"elementor-element elementor-element-3d17655 exad-sticky-section-no exad-glass-effect-no elementor-widget elementor-widget-heading\" data-id=\"3d17655\" data-element_type=\"widget\" data-widget_type=\"heading.default\">\n\t\t\t\t<div class=\"elementor-widget-container\">\n\t\t\t\t\t<h1 class=\"elementor-heading-title elementor-size-default\">Des partenaires d'exceptions<\/h1>\t\t\t\t<\/div>\n\t\t\t\t<\/div>\n\t\t\t\t\t<\/div>\n\t\t\t\t<\/div>\n\t\t<div class=\"elementor-element elementor-element-151f8bb e-flex e-con-boxed e-con e-parent\" data-id=\"151f8bb\" data-element_type=\"container\">\n\t\t\t\t\t<div class=\"e-con-inner\">\n\t\t<div class=\"elementor-element elementor-element-75181e6 e-con-full e-flex e-con e-child\" data-id=\"75181e6\" data-element_type=\"container\">\n\t\t\t\t<div class=\"elementor-element elementor-element-364dd97 exad-sticky-section-no exad-glass-effect-no elementor-widget elementor-widget-heading\" data-id=\"364dd97\" data-element_type=\"widget\" data-widget_type=\"heading.default\">\n\t\t\t\t<div class=\"elementor-widget-container\">\n\t\t\t\t\t<h2 class=\"elementor-heading-title elementor-size-default\">Un r\u00e9seau d\u2019excellence pour propulser l\u2019innovation<\/h2>\t\t\t\t<\/div>\n\t\t\t\t<\/div>\n\t\t\t\t<\/div>\n\t\t<div class=\"elementor-element elementor-element-478e0c4 e-con-full e-flex e-con e-child\" data-id=\"478e0c4\" data-element_type=\"container\">\n\t\t\t\t<div class=\"elementor-element elementor-element-ce14d0b exad-sticky-section-no exad-glass-effect-no elementor-widget elementor-widget-text-editor\" data-id=\"ce14d0b\" data-element_type=\"widget\" data-widget_type=\"text-editor.default\">\n\t\t\t\t<div class=\"elementor-widget-container\">\n\t\t\t\t\t\t\t\t\t<p>La r\u00e9ussite de la transformation digitale repose sur des collaborations solides et des partenariats strat\u00e9giques. L\u2019\u00e9cosyst\u00e8me de partenaires de Meraky Tech rassemble des entreprises et des experts reconnus dans divers domaines technologiques. Ce r\u00e9seau collaboratif permet d\u2019enrichir les projets, d\u2019acc\u00e9l\u00e9rer l\u2019innovation et de fournir des solutions compl\u00e8tes et adapt\u00e9es aux d\u00e9fis actuels du march\u00e9.<\/p>\t\t\t\t\t\t\t\t<\/div>\n\t\t\t\t<\/div>\n\t\t\t\t<\/div>\n\t\t\t\t\t<\/div>\n\t\t\t\t<\/div>\n\t\t<div class=\"elementor-element elementor-element-8ae96c0 e-con-full e-flex e-con e-parent\" data-id=\"8ae96c0\" data-element_type=\"container\">\n\t\t<div class=\"elementor-element elementor-element-515106c e-con-full e-flex e-con e-child\" data-id=\"515106c\" data-element_type=\"container\">\n\t\t\t\t<\/div>\n\t\t<div class=\"elementor-element elementor-element-5aa5890 e-con-full e-flex e-con e-child\" data-id=\"5aa5890\" data-element_type=\"container\">\n\t\t\t\t<div class=\"elementor-element elementor-element-103bea3 exad-sticky-section-no exad-glass-effect-no elementor-widget elementor-widget-heading\" data-id=\"103bea3\" data-element_type=\"widget\" data-widget_type=\"heading.default\">\n\t\t\t\t<div class=\"elementor-widget-container\">\n\t\t\t\t\t<h2 class=\"elementor-heading-title elementor-size-default\">Nos partenaires strat\u00e9giques<\/h2>\t\t\t\t<\/div>\n\t\t\t\t<\/div>\n\t\t\t\t<\/div>\n\t\t<div class=\"elementor-element elementor-element-0a990a8 e-con-full e-flex e-con e-child\" data-id=\"0a990a8\" data-element_type=\"container\">\n\t\t\t\t<\/div>\n\t\t\t\t<\/div>\n\t\t<div class=\"elementor-element elementor-element-93f3ccf e-con-full e-flex e-con e-parent\" data-id=\"93f3ccf\" data-element_type=\"container\" data-settings=\"{&quot;background_background&quot;:&quot;gradient&quot;}\">\n\t\t<div class=\"elementor-element elementor-element-4de6337 e-grid e-con-full e-con e-child\" data-id=\"4de6337\" data-element_type=\"container\">\n\t\t\t\t<div class=\"elementor-element elementor-element-8ceff2a logo elementor-widget__width-inherit exad-sticky-section-no exad-glass-effect-no elementor-widget elementor-widget-image\" data-id=\"8ceff2a\" data-element_type=\"widget\" data-widget_type=\"image.default\">\n\t\t\t\t<div class=\"elementor-widget-container\">\n\t\t\t\t\t\t\t\t\t\t\t\t\t\t\t<img fetchpriority=\"high\" decoding=\"async\" width=\"404\" height=\"144\" src=\"https:\/\/merakytech.com\/php_assets\/uploads\/2025\/02\/Partnaire-Nvidia.webp\" class=\"attachment-full size-full wp-image-14898\" alt=\"\" srcset=\"https:\/\/merakytech.com\/php_assets\/uploads\/2025\/02\/Partnaire-Nvidia.webp 404w, https:\/\/merakytech.com\/php_assets\/uploads\/2025\/02\/Partnaire-Nvidia-300x107.webp 300w, https:\/\/merakytech.com\/php_assets\/uploads\/2025\/02\/Partnaire-Nvidia-18x6.webp 18w\" sizes=\"(max-width: 404px) 100vw, 404px\" \/>\t\t\t\t\t\t\t\t\t\t\t\t\t\t\t<\/div>\n\t\t\t\t<\/div>\n\t\t\t\t<div class=\"elementor-element elementor-element-f0eae06 logo elementor-widget__width-inherit exad-sticky-section-no exad-glass-effect-no elementor-widget elementor-widget-image\" data-id=\"f0eae06\" data-element_type=\"widget\" data-widget_type=\"image.default\">\n\t\t\t\t<div class=\"elementor-widget-container\">\n\t\t\t\t\t\t\t\t\t\t\t\t\t\t\t<img decoding=\"async\" width=\"404\" height=\"144\" src=\"https:\/\/merakytech.com\/php_assets\/uploads\/2025\/02\/Microsoft-Partenaire.webp\" class=\"attachment-full size-full wp-image-14899\" alt=\"\" srcset=\"https:\/\/merakytech.com\/php_assets\/uploads\/2025\/02\/Microsoft-Partenaire.webp 404w, https:\/\/merakytech.com\/php_assets\/uploads\/2025\/02\/Microsoft-Partenaire-300x107.webp 300w, https:\/\/merakytech.com\/php_assets\/uploads\/2025\/02\/Microsoft-Partenaire-18x6.webp 18w\" sizes=\"(max-width: 404px) 100vw, 404px\" \/>\t\t\t\t\t\t\t\t\t\t\t\t\t\t\t<\/div>\n\t\t\t\t<\/div>\n\t\t\t\t<div class=\"elementor-element elementor-element-87ae6df logo elementor-widget__width-inherit exad-sticky-section-no exad-glass-effect-no elementor-widget elementor-widget-image\" data-id=\"87ae6df\" data-element_type=\"widget\" data-widget_type=\"image.default\">\n\t\t\t\t<div class=\"elementor-widget-container\">\n\t\t\t\t\t\t\t\t\t\t\t\t\t\t\t<img decoding=\"async\" width=\"404\" height=\"144\" src=\"https:\/\/merakytech.com\/php_assets\/uploads\/2025\/02\/Partnaire-Google.webp\" class=\"attachment-full size-full wp-image-14906\" alt=\"\" srcset=\"https:\/\/merakytech.com\/php_assets\/uploads\/2025\/02\/Partnaire-Google.webp 404w, https:\/\/merakytech.com\/php_assets\/uploads\/2025\/02\/Partnaire-Google-300x107.webp 300w, https:\/\/merakytech.com\/php_assets\/uploads\/2025\/02\/Partnaire-Google-18x6.webp 18w\" sizes=\"(max-width: 404px) 100vw, 404px\" \/>\t\t\t\t\t\t\t\t\t\t\t\t\t\t\t<\/div>\n\t\t\t\t<\/div>\n\t\t\t\t<div class=\"elementor-element elementor-element-4dac7e7 logo elementor-widget__width-inherit exad-sticky-section-no exad-glass-effect-no elementor-widget elementor-widget-image\" data-id=\"4dac7e7\" data-element_type=\"widget\" data-widget_type=\"image.default\">\n\t\t\t\t<div class=\"elementor-widget-container\">\n\t\t\t\t\t\t\t\t\t\t\t\t\t\t\t<img loading=\"lazy\" decoding=\"async\" width=\"404\" height=\"144\" src=\"https:\/\/merakytech.com\/php_assets\/uploads\/2025\/02\/Partnaire-Palo-Alto-Networks.webp\" class=\"attachment-full size-full wp-image-14907\" alt=\"\" srcset=\"https:\/\/merakytech.com\/php_assets\/uploads\/2025\/02\/Partnaire-Palo-Alto-Networks.webp 404w, https:\/\/merakytech.com\/php_assets\/uploads\/2025\/02\/Partnaire-Palo-Alto-Networks-300x107.webp 300w, https:\/\/merakytech.com\/php_assets\/uploads\/2025\/02\/Partnaire-Palo-Alto-Networks-18x6.webp 18w\" sizes=\"(max-width: 404px) 100vw, 404px\" \/>\t\t\t\t\t\t\t\t\t\t\t\t\t\t\t<\/div>\n\t\t\t\t<\/div>\n\t\t\t\t<div class=\"elementor-element elementor-element-c940d40 logo elementor-widget__width-inherit exad-sticky-section-no exad-glass-effect-no elementor-widget elementor-widget-image\" data-id=\"c940d40\" data-element_type=\"widget\" data-widget_type=\"image.default\">\n\t\t\t\t<div class=\"elementor-widget-container\">\n\t\t\t\t\t\t\t\t\t\t\t\t\t\t\t<img loading=\"lazy\" decoding=\"async\" width=\"404\" height=\"144\" src=\"https:\/\/merakytech.com\/php_assets\/uploads\/2025\/02\/Patenaire-AWS-2.webp\" class=\"attachment-full size-full wp-image-14941\" alt=\"\" srcset=\"https:\/\/merakytech.com\/php_assets\/uploads\/2025\/02\/Patenaire-AWS-2.webp 404w, https:\/\/merakytech.com\/php_assets\/uploads\/2025\/02\/Patenaire-AWS-2-300x107.webp 300w, https:\/\/merakytech.com\/php_assets\/uploads\/2025\/02\/Patenaire-AWS-2-18x6.webp 18w\" sizes=\"(max-width: 404px) 100vw, 404px\" \/>\t\t\t\t\t\t\t\t\t\t\t\t\t\t\t<\/div>\n\t\t\t\t<\/div>\n\t\t\t\t<div class=\"elementor-element elementor-element-4b72159 logo elementor-widget__width-inherit exad-sticky-section-no exad-glass-effect-no elementor-widget elementor-widget-image\" data-id=\"4b72159\" data-element_type=\"widget\" data-widget_type=\"image.default\">\n\t\t\t\t<div class=\"elementor-widget-container\">\n\t\t\t\t\t\t\t\t\t\t\t\t\t\t\t<img loading=\"lazy\" decoding=\"async\" width=\"404\" height=\"144\" src=\"https:\/\/merakytech.com\/php_assets\/uploads\/2025\/02\/Fortinet-partenaire.webp\" class=\"attachment-full size-full wp-image-14909\" alt=\"\" srcset=\"https:\/\/merakytech.com\/php_assets\/uploads\/2025\/02\/Fortinet-partenaire.webp 404w, https:\/\/merakytech.com\/php_assets\/uploads\/2025\/02\/Fortinet-partenaire-300x107.webp 300w, https:\/\/merakytech.com\/php_assets\/uploads\/2025\/02\/Fortinet-partenaire-18x6.webp 18w\" sizes=\"(max-width: 404px) 100vw, 404px\" \/>\t\t\t\t\t\t\t\t\t\t\t\t\t\t\t<\/div>\n\t\t\t\t<\/div>\n\t\t\t\t<div class=\"elementor-element elementor-element-4952b99 logo elementor-widget__width-inherit exad-sticky-section-no exad-glass-effect-no elementor-widget elementor-widget-image\" data-id=\"4952b99\" data-element_type=\"widget\" data-widget_type=\"image.default\">\n\t\t\t\t<div class=\"elementor-widget-container\">\n\t\t\t\t\t\t\t\t\t\t\t\t\t\t\t<img loading=\"lazy\" decoding=\"async\" width=\"404\" height=\"144\" src=\"https:\/\/merakytech.com\/php_assets\/uploads\/2025\/02\/IBM-Partenaire.webp\" class=\"attachment-full size-full wp-image-14910\" alt=\"\" srcset=\"https:\/\/merakytech.com\/php_assets\/uploads\/2025\/02\/IBM-Partenaire.webp 404w, https:\/\/merakytech.com\/php_assets\/uploads\/2025\/02\/IBM-Partenaire-300x107.webp 300w, https:\/\/merakytech.com\/php_assets\/uploads\/2025\/02\/IBM-Partenaire-18x6.webp 18w\" sizes=\"(max-width: 404px) 100vw, 404px\" \/>\t\t\t\t\t\t\t\t\t\t\t\t\t\t\t<\/div>\n\t\t\t\t<\/div>\n\t\t\t\t<div class=\"elementor-element elementor-element-3713bc6 logo elementor-widget__width-inherit exad-sticky-section-no exad-glass-effect-no elementor-widget elementor-widget-image\" data-id=\"3713bc6\" data-element_type=\"widget\" data-widget_type=\"image.default\">\n\t\t\t\t<div class=\"elementor-widget-container\">\n\t\t\t\t\t\t\t\t\t\t\t\t\t\t\t<img loading=\"lazy\" decoding=\"async\" width=\"404\" height=\"144\" src=\"https:\/\/merakytech.com\/php_assets\/uploads\/2025\/02\/Bosch-IoT-partenaire.webp\" class=\"attachment-full size-full wp-image-14920\" alt=\"\" srcset=\"https:\/\/merakytech.com\/php_assets\/uploads\/2025\/02\/Bosch-IoT-partenaire.webp 404w, https:\/\/merakytech.com\/php_assets\/uploads\/2025\/02\/Bosch-IoT-partenaire-300x107.webp 300w, https:\/\/merakytech.com\/php_assets\/uploads\/2025\/02\/Bosch-IoT-partenaire-18x6.webp 18w\" sizes=\"(max-width: 404px) 100vw, 404px\" \/>\t\t\t\t\t\t\t\t\t\t\t\t\t\t\t<\/div>\n\t\t\t\t<\/div>\n\t\t\t\t<div class=\"elementor-element elementor-element-dd5c914 logo elementor-widget__width-inherit exad-sticky-section-no exad-glass-effect-no elementor-widget elementor-widget-image\" data-id=\"dd5c914\" data-element_type=\"widget\" data-widget_type=\"image.default\">\n\t\t\t\t<div class=\"elementor-widget-container\">\n\t\t\t\t\t\t\t\t\t\t\t\t\t\t\t<img loading=\"lazy\" decoding=\"async\" width=\"404\" height=\"144\" src=\"https:\/\/merakytech.com\/php_assets\/uploads\/2025\/02\/VmWare-partenaire.webp\" class=\"attachment-full size-full wp-image-15363\" alt=\"\" srcset=\"https:\/\/merakytech.com\/php_assets\/uploads\/2025\/02\/VmWare-partenaire.webp 404w, https:\/\/merakytech.com\/php_assets\/uploads\/2025\/02\/VmWare-partenaire-300x107.webp 300w, https:\/\/merakytech.com\/php_assets\/uploads\/2025\/02\/VmWare-partenaire-18x6.webp 18w\" sizes=\"(max-width: 404px) 100vw, 404px\" \/>\t\t\t\t\t\t\t\t\t\t\t\t\t\t\t<\/div>\n\t\t\t\t<\/div>\n\t\t\t\t<div class=\"elementor-element elementor-element-0f98bfc logo elementor-widget__width-inherit exad-sticky-section-no exad-glass-effect-no elementor-widget elementor-widget-image\" data-id=\"0f98bfc\" data-element_type=\"widget\" data-widget_type=\"image.default\">\n\t\t\t\t<div class=\"elementor-widget-container\">\n\t\t\t\t\t\t\t\t\t\t\t\t\t\t\t<img loading=\"lazy\" decoding=\"async\" width=\"404\" height=\"144\" src=\"https:\/\/merakytech.com\/php_assets\/uploads\/2025\/02\/Partnaire-Kaspersky.webp\" class=\"attachment-full size-full wp-image-14917\" alt=\"\" srcset=\"https:\/\/merakytech.com\/php_assets\/uploads\/2025\/02\/Partnaire-Kaspersky.webp 404w, https:\/\/merakytech.com\/php_assets\/uploads\/2025\/02\/Partnaire-Kaspersky-300x107.webp 300w, https:\/\/merakytech.com\/php_assets\/uploads\/2025\/02\/Partnaire-Kaspersky-18x6.webp 18w\" sizes=\"(max-width: 404px) 100vw, 404px\" \/>\t\t\t\t\t\t\t\t\t\t\t\t\t\t\t<\/div>\n\t\t\t\t<\/div>\n\t\t\t\t<div class=\"elementor-element elementor-element-6218a76 logo elementor-widget__width-inherit exad-sticky-section-no exad-glass-effect-no elementor-widget elementor-widget-image\" data-id=\"6218a76\" data-element_type=\"widget\" data-widget_type=\"image.default\">\n\t\t\t\t<div class=\"elementor-widget-container\">\n\t\t\t\t\t\t\t\t\t\t\t\t\t\t\t<img loading=\"lazy\" decoding=\"async\" width=\"404\" height=\"144\" src=\"https:\/\/merakytech.com\/php_assets\/uploads\/2025\/02\/Oracle-partenaire.webp\" class=\"attachment-full size-full wp-image-14924\" alt=\"\" srcset=\"https:\/\/merakytech.com\/php_assets\/uploads\/2025\/02\/Oracle-partenaire.webp 404w, https:\/\/merakytech.com\/php_assets\/uploads\/2025\/02\/Oracle-partenaire-300x107.webp 300w, https:\/\/merakytech.com\/php_assets\/uploads\/2025\/02\/Oracle-partenaire-18x6.webp 18w\" sizes=\"(max-width: 404px) 100vw, 404px\" \/>\t\t\t\t\t\t\t\t\t\t\t\t\t\t\t<\/div>\n\t\t\t\t<\/div>\n\t\t\t\t<div class=\"elementor-element elementor-element-cf4b614 logo elementor-widget__width-inherit exad-sticky-section-no exad-glass-effect-no elementor-widget elementor-widget-image\" data-id=\"cf4b614\" data-element_type=\"widget\" data-widget_type=\"image.default\">\n\t\t\t\t<div class=\"elementor-widget-container\">\n\t\t\t\t\t\t\t\t\t\t\t\t\t\t\t<img loading=\"lazy\" decoding=\"async\" width=\"404\" height=\"144\" src=\"https:\/\/merakytech.com\/php_assets\/uploads\/2025\/02\/Cisco-partenaire-copie.webp\" class=\"attachment-full size-full wp-image-15364\" alt=\"\" srcset=\"https:\/\/merakytech.com\/php_assets\/uploads\/2025\/02\/Cisco-partenaire-copie.webp 404w, https:\/\/merakytech.com\/php_assets\/uploads\/2025\/02\/Cisco-partenaire-copie-300x107.webp 300w, https:\/\/merakytech.com\/php_assets\/uploads\/2025\/02\/Cisco-partenaire-copie-18x6.webp 18w\" sizes=\"(max-width: 404px) 100vw, 404px\" \/>\t\t\t\t\t\t\t\t\t\t\t\t\t\t\t<\/div>\n\t\t\t\t<\/div>\n\t\t\t\t<\/div>\n\t\t\t\t<\/div>\n\t\t<div class=\"elementor-element elementor-element-4478f7e e-flex e-con-boxed e-con e-parent\" data-id=\"4478f7e\" data-element_type=\"container\">\n\t\t\t\t\t<div class=\"e-con-inner\">\n\t\t<div class=\"elementor-element elementor-element-7cd22c3 e-con-full e-flex e-con e-child\" data-id=\"7cd22c3\" data-element_type=\"container\">\n\t\t\t\t<\/div>\n\t\t<div class=\"elementor-element elementor-element-e60dd5b e-con-full e-flex e-con e-child\" data-id=\"e60dd5b\" data-element_type=\"container\">\n\t\t\t\t<div class=\"elementor-element elementor-element-43e053b elementor-widget-widescreen__width-auto exad-sticky-section-no exad-glass-effect-no elementor-widget elementor-widget-ucaddon_underline_link_hover_effect\" data-id=\"43e053b\" data-element_type=\"widget\" data-widget_type=\"ucaddon_underline_link_hover_effect.default\">\n\t\t\t\t<div class=\"elementor-widget-container\">\n\t\t\t\t\t\n<!-- start Underline Link Hover Effect -->\n\t\t<link id='font-awesome-css' href='https:\/\/merakytech.com\/modules14\/assets_libraries\/font-awesome6\/fontawesome-all.min.css' type='text\/css' rel='stylesheet' >\n\t\t<link id='font-awesome-4-shim-css' href='https:\/\/merakytech.com\/modules14\/assets_libraries\/font-awesome6\/fontawesome-v4-shims.min.css' type='text\/css' rel='stylesheet' >\n\n<style>\/* widget: Underline Link Hover Effect *\/\n\n#uc_underline_link_hover_effect_elementor_43e053b{\n  display:flex;\n} \n\n#uc_underline_link_hover_effect_elementor_43e053b a.ue-link{\n  display:flex;\n  position:relative;\n  align-items:center;\n  justify-content:center;\n  text-decoration:none;\n}\n\n#uc_underline_link_hover_effect_elementor_43e053b a.ue-link:after{\n  content: \"\";\n    width:100%;\n    position:absolute;\n  bottom:0px;\n    left:0px;\n    display: block;\n  transition:1s;\n}\n\n#uc_underline_link_hover_effect_elementor_43e053b a:hover:after{\n    width:0%;\n  }\n\n#uc_underline_link_hover_effect_elementor_43e053b .ue-link-hover-effect-spacing{\n  transition:1s;\n}\n\n#uc_underline_link_hover_effect_elementor_43e053b .ue-link-hover-effect-text{\n  padding:10px 0px;\n}\n\n#uc_underline_link_hover_effect_elementor_43e053b .ue-link-hover-effect-icon{\n  line-height:1em;\n  transition:1s;\n}\n\n#uc_underline_link_hover_effect_elementor_43e053b .ue-link-hover-effect-icon svg{\n  height:1em;\n  width:1em;\n}\n\n<\/style>\n\n<div id=\"uc_underline_link_hover_effect_elementor_43e053b\" class=\"ue-link-wrap\">\n  <a class=\"ue-link\" href=\"https:\/\/merakytech.com\/contact\/\" >\n    <div class=\"ue-link-hover-effect-text\">D\u00e9butons votre projet maintenant<\/div>\n    <div class=\"ue-link-hover-effect-spacing\"><\/div>\n    <div class=\"ue-link-hover-effect-icon\"><i class='fas fa-arrow-right'><\/i><\/div>\n  <\/a>\n<\/div>\n<!-- end Underline Link Hover Effect -->\t\t\t\t<\/div>\n\t\t\t\t<\/div>\n\t\t\t\t<\/div>\n\t\t<div class=\"elementor-element elementor-element-68b4919 e-con-full e-flex e-con e-child\" data-id=\"68b4919\" data-element_type=\"container\">\n\t\t\t\t<\/div>\n\t\t\t\t\t<\/div>\n\t\t\t\t<\/div>\n\t\t\t\t<\/div>\n\t\t","protected":false},"excerpt":{"rendered":"<p>Des partenaires d&#8217;exceptions Un r\u00e9seau d\u2019excellence pour propulser l\u2019innovation La r\u00e9ussite de la transformation digitale repose sur des collaborations solides et des partenariats strat\u00e9giques. L\u2019\u00e9cosyst\u00e8me de partenaires de Meraky Tech rassemble des entreprises et des experts reconnus dans divers domaines technologiques. Ce r\u00e9seau collaboratif permet d\u2019enrichir les projets, d\u2019acc\u00e9l\u00e9rer l\u2019innovation et de fournir des solutions [&hellip;]<\/p>\n","protected":false},"author":1,"featured_media":0,"parent":0,"menu_order":0,"comment_status":"closed","ping_status":"closed","template":"","meta":{"footnotes":""},"class_list":["post-16567","page","type-page","status-publish","hentry"],"_links":{"self":[{"href":"https:\/\/merakytech.com\/fr\/wp-json\/wp\/v2\/pages\/16567","targetHints":{"allow":["GET"]}}],"collection":[{"href":"https:\/\/merakytech.com\/fr\/wp-json\/wp\/v2\/pages"}],"about":[{"href":"https:\/\/merakytech.com\/fr\/wp-json\/wp\/v2\/types\/page"}],"author":[{"embeddable":true,"href":"https:\/\/merakytech.com\/fr\/wp-json\/wp\/v2\/users\/1"}],"replies":[{"embeddable":true,"href":"https:\/\/merakytech.com\/fr\/wp-json\/wp\/v2\/comments?post=16567"}],"version-history":[{"count":25,"href":"https:\/\/merakytech.com\/fr\/wp-json\/wp\/v2\/pages\/16567\/revisions"}],"predecessor-version":[{"id":17567,"href":"https:\/\/merakytech.com\/fr\/wp-json\/wp\/v2\/pages\/16567\/revisions\/17567"}],"wp:attachment":[{"href":"https:\/\/merakytech.com\/fr\/wp-json\/wp\/v2\/media?parent=16567"}],"curies":[{"name":"wp","href":"https:\/\/api.w.org\/{rel}","templated":true}]}}