{"id":16541,"date":"2025-03-06T05:20:24","date_gmt":"2025-03-06T05:20:24","guid":{"rendered":"https:\/\/merakytech.com\/?page_id=16541"},"modified":"2025-04-07T15:17:04","modified_gmt":"2025-04-07T15:17:04","slug":"secteur-public","status":"publish","type":"page","link":"https:\/\/merakytech.com\/fr\/secteur-public\/","title":{"rendered":"Secteur Public \u2013 Digitalisation et innovation pour les services publics"},"content":{"rendered":"\t\t<div data-elementor-type=\"wp-page\" data-elementor-id=\"16541\" class=\"elementor elementor-16541\" data-elementor-post-type=\"page\">\n\t\t\t\t<div class=\"elementor-element elementor-element-e88ca18 e-con-full elementor-hidden-desktop elementor-hidden-laptop elementor-hidden-tablet_extra elementor-hidden-tablet elementor-hidden-mobile_extra elementor-hidden-mobile e-flex e-con e-parent\" data-id=\"e88ca18\" data-element_type=\"container\" data-settings=\"{&quot;background_background&quot;:&quot;gradient&quot;}\">\n\t\t<div class=\"elementor-element elementor-element-f1e1042 e-flex e-con-boxed e-con e-child\" data-id=\"f1e1042\" data-element_type=\"container\" data-settings=\"{&quot;background_background&quot;:&quot;classic&quot;}\">\n\t\t\t\t\t<div class=\"e-con-inner\">\n\t\t\t\t<div class=\"elementor-element elementor-element-e79f1df elementor-widget__width-auto exad-sticky-section-no exad-glass-effect-no elementor-widget elementor-widget-heading\" data-id=\"e79f1df\" data-element_type=\"widget\" data-widget_type=\"heading.default\">\n\t\t\t\t<div class=\"elementor-widget-container\">\n\t\t\t\t\t<h1 class=\"elementor-heading-title elementor-size-default\">Secteur Public \u2013 Digitalisation et innovation pour les services publics<\/h1>\t\t\t\t<\/div>\n\t\t\t\t<\/div>\n\t\t\t\t<div class=\"elementor-element elementor-element-d6ce438 exad-sticky-section-no exad-glass-effect-no elementor-widget elementor-widget-image\" data-id=\"d6ce438\" data-element_type=\"widget\" data-widget_type=\"image.default\">\n\t\t\t\t<div class=\"elementor-widget-container\">\n\t\t\t\t\t\t\t\t\t\t\t\t\t\t\t<img fetchpriority=\"high\" decoding=\"async\" width=\"1135\" height=\"635\" src=\"https:\/\/merakytech.com\/php_assets\/uploads\/2025\/03\/Secteur-public.webp\" class=\"attachment-full size-full wp-image-16548\" alt=\"\" srcset=\"https:\/\/merakytech.com\/php_assets\/uploads\/2025\/03\/Secteur-public.webp 1135w, https:\/\/merakytech.com\/php_assets\/uploads\/2025\/03\/Secteur-public-300x168.webp 300w, https:\/\/merakytech.com\/php_assets\/uploads\/2025\/03\/Secteur-public-1024x573.webp 1024w, https:\/\/merakytech.com\/php_assets\/uploads\/2025\/03\/Secteur-public-768x430.webp 768w, https:\/\/merakytech.com\/php_assets\/uploads\/2025\/03\/Secteur-public-18x10.webp 18w\" sizes=\"(max-width: 1135px) 100vw, 1135px\" \/>\t\t\t\t\t\t\t\t\t\t\t\t\t\t\t<\/div>\n\t\t\t\t<\/div>\n\t\t\t\t\t<\/div>\n\t\t\t\t<\/div>\n\t\t\t\t<\/div>\n\t\t<div class=\"elementor-element elementor-element-65a64c2 e-con-full elementor-hidden-widescreen elementor-hidden-mobile_extra elementor-hidden-mobile e-flex e-con e-parent\" data-id=\"65a64c2\" data-element_type=\"container\" data-settings=\"{&quot;background_background&quot;:&quot;gradient&quot;}\">\n\t\t<div class=\"elementor-element elementor-element-c198c3b e-flex e-con-boxed e-con e-child\" data-id=\"c198c3b\" data-element_type=\"container\" data-settings=\"{&quot;background_background&quot;:&quot;classic&quot;}\">\n\t\t\t\t\t<div class=\"e-con-inner\">\n\t\t\t\t<div class=\"elementor-element elementor-element-91244c6 elementor-widget__width-auto exad-sticky-section-no exad-glass-effect-no elementor-widget elementor-widget-heading\" data-id=\"91244c6\" data-element_type=\"widget\" data-widget_type=\"heading.default\">\n\t\t\t\t<div class=\"elementor-widget-container\">\n\t\t\t\t\t<h1 class=\"elementor-heading-title elementor-size-default\">Secteur Public \u2013 Digitalisation et innovation pour les services publics<\/h1>\t\t\t\t<\/div>\n\t\t\t\t<\/div>\n\t\t\t\t<div class=\"elementor-element elementor-element-ba3e71d exad-sticky-section-no exad-glass-effect-no elementor-widget elementor-widget-image\" data-id=\"ba3e71d\" data-element_type=\"widget\" data-widget_type=\"image.default\">\n\t\t\t\t<div class=\"elementor-widget-container\">\n\t\t\t\t\t\t\t\t\t\t\t\t\t\t\t<img decoding=\"async\" width=\"768\" height=\"430\" src=\"https:\/\/merakytech.com\/php_assets\/uploads\/2025\/03\/Secteur-public-768x430.webp\" class=\"attachment-medium_large size-medium_large wp-image-16548\" alt=\"\" srcset=\"https:\/\/merakytech.com\/php_assets\/uploads\/2025\/03\/Secteur-public-768x430.webp 768w, https:\/\/merakytech.com\/php_assets\/uploads\/2025\/03\/Secteur-public-300x168.webp 300w, https:\/\/merakytech.com\/php_assets\/uploads\/2025\/03\/Secteur-public-1024x573.webp 1024w, https:\/\/merakytech.com\/php_assets\/uploads\/2025\/03\/Secteur-public-18x10.webp 18w, https:\/\/merakytech.com\/php_assets\/uploads\/2025\/03\/Secteur-public.webp 1135w\" sizes=\"(max-width: 768px) 100vw, 768px\" \/>\t\t\t\t\t\t\t\t\t\t\t\t\t\t\t<\/div>\n\t\t\t\t<\/div>\n\t\t\t\t\t<\/div>\n\t\t\t\t<\/div>\n\t\t\t\t<\/div>\n\t\t<div class=\"elementor-element elementor-element-fe95649 e-con-full elementor-hidden-widescreen elementor-hidden-desktop elementor-hidden-laptop elementor-hidden-tablet_extra e-flex e-con e-parent\" data-id=\"fe95649\" data-element_type=\"container\" data-settings=\"{&quot;background_background&quot;:&quot;gradient&quot;}\">\n\t\t<div class=\"elementor-element elementor-element-ee14751 e-flex e-con-boxed e-con e-child\" data-id=\"ee14751\" data-element_type=\"container\" data-settings=\"{&quot;background_background&quot;:&quot;classic&quot;}\">\n\t\t\t\t\t<div class=\"e-con-inner\">\n\t\t\t\t<div class=\"elementor-element elementor-element-1e9a661 elementor-widget__width-auto exad-sticky-section-no exad-glass-effect-no elementor-widget elementor-widget-heading\" data-id=\"1e9a661\" data-element_type=\"widget\" data-widget_type=\"heading.default\">\n\t\t\t\t<div class=\"elementor-widget-container\">\n\t\t\t\t\t<h1 class=\"elementor-heading-title elementor-size-default\">Secteur Public \u2013 Digitalisation et innovation pour les services publics<\/h1>\t\t\t\t<\/div>\n\t\t\t\t<\/div>\n\t\t\t\t<div class=\"elementor-element elementor-element-b750408 exad-sticky-section-no exad-glass-effect-no elementor-widget elementor-widget-image\" data-id=\"b750408\" data-element_type=\"widget\" data-widget_type=\"image.default\">\n\t\t\t\t<div class=\"elementor-widget-container\">\n\t\t\t\t\t\t\t\t\t\t\t\t\t\t\t<img decoding=\"async\" width=\"300\" height=\"168\" src=\"https:\/\/merakytech.com\/php_assets\/uploads\/2025\/03\/Secteur-public-300x168.webp\" class=\"attachment-medium size-medium wp-image-16548\" alt=\"\" srcset=\"https:\/\/merakytech.com\/php_assets\/uploads\/2025\/03\/Secteur-public-300x168.webp 300w, https:\/\/merakytech.com\/php_assets\/uploads\/2025\/03\/Secteur-public-1024x573.webp 1024w, https:\/\/merakytech.com\/php_assets\/uploads\/2025\/03\/Secteur-public-768x430.webp 768w, https:\/\/merakytech.com\/php_assets\/uploads\/2025\/03\/Secteur-public-18x10.webp 18w, https:\/\/merakytech.com\/php_assets\/uploads\/2025\/03\/Secteur-public.webp 1135w\" sizes=\"(max-width: 300px) 100vw, 300px\" \/>\t\t\t\t\t\t\t\t\t\t\t\t\t\t\t<\/div>\n\t\t\t\t<\/div>\n\t\t\t\t\t<\/div>\n\t\t\t\t<\/div>\n\t\t\t\t<\/div>\n\t\t<div class=\"elementor-element elementor-element-196876c e-con-full e-flex e-con e-parent\" data-id=\"196876c\" data-element_type=\"container\">\n\t\t\t\t<div class=\"elementor-element elementor-element-03fd85c exad-sticky-section-no exad-glass-effect-no elementor-widget elementor-widget-text-editor\" data-id=\"03fd85c\" data-element_type=\"widget\" data-widget_type=\"text-editor.default\">\n\t\t\t\t<div class=\"elementor-widget-container\">\n\t\t\t\t\t\t\t\t\t<p>Le <strong>secteur public<\/strong> est confront\u00e9 \u00e0 des d\u00e9fis importants pour moderniser ses services et am\u00e9liorer la relation avec les citoyens. La digitalisation des services publics permet d\u2019optimiser la gestion administrative, de renforcer la transparence et d\u2019am\u00e9liorer l\u2019efficacit\u00e9 des actions gouvernementales.<\/p>\t\t\t\t\t\t\t\t<\/div>\n\t\t\t\t<\/div>\n\t\t\t\t<\/div>\n\t\t<div class=\"elementor-element elementor-element-0f50edd e-con-full e-flex e-con e-parent\" data-id=\"0f50edd\" data-element_type=\"container\">\n\t\t\t\t<div class=\"elementor-element elementor-element-6ea32f7 elementor-widget__width-auto exad-sticky-section-no exad-glass-effect-no elementor-widget elementor-widget-heading\" data-id=\"6ea32f7\" data-element_type=\"widget\" data-widget_type=\"heading.default\">\n\t\t\t\t<div class=\"elementor-widget-container\">\n\t\t\t\t\t<h2 class=\"elementor-heading-title elementor-size-default\">Solutions et innovations<\/h2>\t\t\t\t<\/div>\n\t\t\t\t<\/div>\n\t\t\t\t<\/div>\n\t\t<div class=\"elementor-element elementor-element-d346b46 e-flex e-con-boxed e-con e-parent\" data-id=\"d346b46\" data-element_type=\"container\">\n\t\t\t\t\t<div class=\"e-con-inner\">\n\t\t<div class=\"elementor-element elementor-element-b75db92 e-con-full e-flex e-con e-child\" data-id=\"b75db92\" data-element_type=\"container\">\n\t\t\t\t<div class=\"elementor-element elementor-element-05b12cc exad-sticky-section-no exad-glass-effect-no elementor-widget elementor-widget-heading\" data-id=\"05b12cc\" data-element_type=\"widget\" data-widget_type=\"heading.default\">\n\t\t\t\t<div class=\"elementor-widget-container\">\n\t\t\t\t\t<h3 class=\"elementor-heading-title elementor-size-default\">Solutions<\/h3>\t\t\t\t<\/div>\n\t\t\t\t<\/div>\n\t\t\t\t<div class=\"elementor-element elementor-element-41086de exad-sticky-section-no exad-glass-effect-no elementor-widget elementor-widget-text-editor\" data-id=\"41086de\" data-element_type=\"widget\" data-widget_type=\"text-editor.default\">\n\t\t\t\t<div class=\"elementor-widget-container\">\n\t\t\t\t\t\t\t\t\t<ul><li data-start=\"14675\" data-end=\"14890\"><strong data-start=\"14677\" data-end=\"14725\">Modernisation des processus administratifs :<\/strong><br data-start=\"14725\" data-end=\"14728\" \/>D\u00e9ploiement de solutions digitales pour automatiser les d\u00e9marches administratives, r\u00e9duire les d\u00e9lais de traitement et am\u00e9liorer l\u2019accessibilit\u00e9 des services.<\/li><\/ul><p>\u00a0<\/p><ul><li data-start=\"14891\" data-end=\"15103\"><strong data-start=\"14893\" data-end=\"14928\">Transparence et communication :<\/strong><br data-start=\"14928\" data-end=\"14931\" \/>Mise en place de portails citoyens et d\u2019applications mobiles pour faciliter l\u2019acc\u00e8s \u00e0 l\u2019information, renforcer la transparence et encourager la participation citoyenne.<\/li><\/ul><p>\u00a0<\/p><ul><li data-start=\"15104\" data-end=\"15276\"><strong data-start=\"15106\" data-end=\"15135\">S\u00e9curit\u00e9 et gouvernance :<\/strong><br data-start=\"15135\" data-end=\"15138\" \/>Adoption de technologies s\u00e9curis\u00e9es pour prot\u00e9ger les donn\u00e9es sensibles et garantir le respect des normes et r\u00e9glementations en vigueur.<\/li><\/ul>\t\t\t\t\t\t\t\t<\/div>\n\t\t\t\t<\/div>\n\t\t\t\t<\/div>\n\t\t<div class=\"elementor-element elementor-element-4bd9861 e-con-full e-flex e-con e-child\" data-id=\"4bd9861\" data-element_type=\"container\">\n\t\t\t\t<div class=\"elementor-element elementor-element-4db17a8 exad-sticky-section-no exad-glass-effect-no elementor-widget elementor-widget-heading\" data-id=\"4db17a8\" data-element_type=\"widget\" data-widget_type=\"heading.default\">\n\t\t\t\t<div class=\"elementor-widget-container\">\n\t\t\t\t\t<h3 class=\"elementor-heading-title elementor-size-default\">Avantages concrets<\/h3>\t\t\t\t<\/div>\n\t\t\t\t<\/div>\n\t\t\t\t<div class=\"elementor-element elementor-element-2ad24c5 exad-sticky-section-no exad-glass-effect-no elementor-widget elementor-widget-text-editor\" data-id=\"2ad24c5\" data-element_type=\"widget\" data-widget_type=\"text-editor.default\">\n\t\t\t\t<div class=\"elementor-widget-container\">\n\t\t\t\t\t\t\t\t\t<ul><li data-start=\"2213\" data-end=\"2409\">La transformation digitale du <strong>secteur public<\/strong> permet de r\u00e9pondre aux attentes des citoyens et d\u2019optimiser l\u2019efficacit\u00e9 des services administratifs. En adoptant nos solutions sur-mesure, les administrations publiques peuvent moderniser leurs processus, am\u00e9liorer la qualit\u00e9 de service et favoriser une gouvernance plus transparente et participative.<\/li><\/ul>\t\t\t\t\t\t\t\t<\/div>\n\t\t\t\t<\/div>\n\t\t\t\t<\/div>\n\t\t\t\t\t<\/div>\n\t\t\t\t<\/div>\n\t\t<div class=\"elementor-element elementor-element-5f33cd0 e-flex e-con-boxed e-con e-parent\" data-id=\"5f33cd0\" data-element_type=\"container\">\n\t\t\t\t\t<div class=\"e-con-inner\">\n\t\t<div class=\"elementor-element elementor-element-56ff19a e-con-full e-flex e-con e-child\" data-id=\"56ff19a\" data-element_type=\"container\">\n\t\t\t\t<\/div>\n\t\t<div class=\"elementor-element elementor-element-2da84e4 e-con-full e-flex e-con e-child\" data-id=\"2da84e4\" data-element_type=\"container\">\n\t\t\t\t<div class=\"elementor-element elementor-element-f833010 elementor-widget-widescreen__width-auto exad-sticky-section-no exad-glass-effect-no elementor-widget elementor-widget-ucaddon_underline_link_hover_effect\" data-id=\"f833010\" data-element_type=\"widget\" data-widget_type=\"ucaddon_underline_link_hover_effect.default\">\n\t\t\t\t<div class=\"elementor-widget-container\">\n\t\t\t\t\t\n<!-- start Underline Link Hover Effect -->\n\t\t<link id='font-awesome-css' href='https:\/\/merakytech.com\/modules14\/assets_libraries\/font-awesome6\/fontawesome-all.min.css' type='text\/css' rel='stylesheet' >\n\t\t<link id='font-awesome-4-shim-css' href='https:\/\/merakytech.com\/modules14\/assets_libraries\/font-awesome6\/fontawesome-v4-shims.min.css' type='text\/css' rel='stylesheet' >\n\n<style>\/* widget: Underline Link Hover Effect *\/\n\n#uc_underline_link_hover_effect_elementor_f833010{\n  display:flex;\n} \n\n#uc_underline_link_hover_effect_elementor_f833010 a.ue-link{\n  display:flex;\n  position:relative;\n  align-items:center;\n  justify-content:center;\n  text-decoration:none;\n}\n\n#uc_underline_link_hover_effect_elementor_f833010 a.ue-link:after{\n  content: \"\";\n    width:100%;\n    position:absolute;\n  bottom:0px;\n    left:0px;\n    display: block;\n  transition:1s;\n}\n\n#uc_underline_link_hover_effect_elementor_f833010 a:hover:after{\n    width:0%;\n  }\n\n#uc_underline_link_hover_effect_elementor_f833010 .ue-link-hover-effect-spacing{\n  transition:1s;\n}\n\n#uc_underline_link_hover_effect_elementor_f833010 .ue-link-hover-effect-text{\n  padding:10px 0px;\n}\n\n#uc_underline_link_hover_effect_elementor_f833010 .ue-link-hover-effect-icon{\n  line-height:1em;\n  transition:1s;\n}\n\n#uc_underline_link_hover_effect_elementor_f833010 .ue-link-hover-effect-icon svg{\n  height:1em;\n  width:1em;\n}\n\n<\/style>\n\n<div id=\"uc_underline_link_hover_effect_elementor_f833010\" class=\"ue-link-wrap\">\n  <a class=\"ue-link\" href=\"https:\/\/merakytech.com\/contact\/\" >\n    <div class=\"ue-link-hover-effect-text\">D\u00e9butons votre projet maintenant<\/div>\n    <div class=\"ue-link-hover-effect-spacing\"><\/div>\n    <div class=\"ue-link-hover-effect-icon\"><i class='fas fa-arrow-right'><\/i><\/div>\n  <\/a>\n<\/div>\n<!-- end Underline Link Hover Effect -->\t\t\t\t<\/div>\n\t\t\t\t<\/div>\n\t\t\t\t<\/div>\n\t\t<div class=\"elementor-element elementor-element-072d1fa e-con-full e-flex e-con e-child\" data-id=\"072d1fa\" data-element_type=\"container\">\n\t\t\t\t<\/div>\n\t\t\t\t\t<\/div>\n\t\t\t\t<\/div>\n\t\t\t\t<\/div>\n\t\t","protected":false},"excerpt":{"rendered":"<p>Secteur Public \u2013 Digitalisation et innovation pour les services publics Secteur Public \u2013 Digitalisation et innovation pour les services publics Secteur Public \u2013 Digitalisation et innovation pour les services publics Le secteur public est confront\u00e9 \u00e0 des d\u00e9fis importants pour moderniser ses services et am\u00e9liorer la relation avec les citoyens. La digitalisation des services publics [&hellip;]<\/p>\n","protected":false},"author":1,"featured_media":0,"parent":0,"menu_order":0,"comment_status":"closed","ping_status":"closed","template":"elementor_header_footer","meta":{"footnotes":""},"class_list":["post-16541","page","type-page","status-publish","hentry"],"_links":{"self":[{"href":"https:\/\/merakytech.com\/fr\/wp-json\/wp\/v2\/pages\/16541","targetHints":{"allow":["GET"]}}],"collection":[{"href":"https:\/\/merakytech.com\/fr\/wp-json\/wp\/v2\/pages"}],"about":[{"href":"https:\/\/merakytech.com\/fr\/wp-json\/wp\/v2\/types\/page"}],"author":[{"embeddable":true,"href":"https:\/\/merakytech.com\/fr\/wp-json\/wp\/v2\/users\/1"}],"replies":[{"embeddable":true,"href":"https:\/\/merakytech.com\/fr\/wp-json\/wp\/v2\/comments?post=16541"}],"version-history":[{"count":25,"href":"https:\/\/merakytech.com\/fr\/wp-json\/wp\/v2\/pages\/16541\/revisions"}],"predecessor-version":[{"id":17476,"href":"https:\/\/merakytech.com\/fr\/wp-json\/wp\/v2\/pages\/16541\/revisions\/17476"}],"wp:attachment":[{"href":"https:\/\/merakytech.com\/fr\/wp-json\/wp\/v2\/media?parent=16541"}],"curies":[{"name":"wp","href":"https:\/\/api.w.org\/{rel}","templated":true}]}}