{"id":16347,"date":"2025-03-03T10:51:30","date_gmt":"2025-03-03T10:51:30","guid":{"rendered":"https:\/\/merakytech.com\/?page_id=16347"},"modified":"2025-07-15T18:43:06","modified_gmt":"2025-07-15T18:43:06","slug":"sante","status":"publish","type":"page","link":"https:\/\/merakytech.com\/fr\/sante\/","title":{"rendered":"Sant\u00e9 &amp; Pharmaceutique \u2013 Digitalisation pour une gestion m\u00e9dicale innovante"},"content":{"rendered":"\t\t<div data-elementor-type=\"wp-page\" data-elementor-id=\"16347\" class=\"elementor elementor-16347\" data-elementor-post-type=\"page\">\n\t\t\t\t<div class=\"elementor-element elementor-element-b3049e2 e-con-full elementor-hidden-widescreen elementor-hidden-mobile e-flex e-con e-parent\" data-id=\"b3049e2\" data-element_type=\"container\" data-settings=\"{&quot;background_background&quot;:&quot;gradient&quot;}\">\n\t\t<div class=\"elementor-element elementor-element-f4d8d20 e-flex e-con-boxed e-con e-child\" data-id=\"f4d8d20\" data-element_type=\"container\" data-settings=\"{&quot;background_background&quot;:&quot;classic&quot;}\">\n\t\t\t\t\t<div class=\"e-con-inner\">\n\t\t\t\t<div class=\"elementor-element elementor-element-724ef26 elementor-widget__width-auto exad-sticky-section-no exad-glass-effect-no elementor-widget elementor-widget-heading\" data-id=\"724ef26\" data-element_type=\"widget\" data-widget_type=\"heading.default\">\n\t\t\t\t<div class=\"elementor-widget-container\">\n\t\t\t\t\t<h1 class=\"elementor-heading-title elementor-size-default\">Healthcare &amp; Pharmaceutical \u2013 Digitalization for Innovative Medical Management<\/h1>\t\t\t\t<\/div>\n\t\t\t\t<\/div>\n\t\t\t\t<div class=\"elementor-element elementor-element-986ce03 exad-sticky-section-no exad-glass-effect-no elementor-widget elementor-widget-image\" data-id=\"986ce03\" data-element_type=\"widget\" data-widget_type=\"image.default\">\n\t\t\t\t<div class=\"elementor-widget-container\">\n\t\t\t\t\t\t\t\t\t\t\t\t\t\t\t<img fetchpriority=\"high\" decoding=\"async\" width=\"768\" height=\"430\" src=\"https:\/\/merakytech.com\/php_assets\/uploads\/2025\/03\/Meraky-Sante-768x430.webp\" class=\"attachment-medium_large size-medium_large wp-image-16356\" alt=\"\" srcset=\"https:\/\/merakytech.com\/php_assets\/uploads\/2025\/03\/Meraky-Sante-768x430.webp 768w, https:\/\/merakytech.com\/php_assets\/uploads\/2025\/03\/Meraky-Sante-300x168.webp 300w, https:\/\/merakytech.com\/php_assets\/uploads\/2025\/03\/Meraky-Sante-1024x573.webp 1024w, https:\/\/merakytech.com\/php_assets\/uploads\/2025\/03\/Meraky-Sante-18x10.webp 18w, https:\/\/merakytech.com\/php_assets\/uploads\/2025\/03\/Meraky-Sante.webp 1135w\" sizes=\"(max-width: 768px) 100vw, 768px\" \/>\t\t\t\t\t\t\t\t\t\t\t\t\t\t\t<\/div>\n\t\t\t\t<\/div>\n\t\t\t\t\t<\/div>\n\t\t\t\t<\/div>\n\t\t\t\t<\/div>\n\t\t<div class=\"elementor-element elementor-element-027e6af e-con-full elementor-hidden-widescreen elementor-hidden-desktop elementor-hidden-laptop elementor-hidden-tablet_extra elementor-hidden-tablet elementor-hidden-mobile_extra e-flex e-con e-parent\" data-id=\"027e6af\" data-element_type=\"container\" data-settings=\"{&quot;background_background&quot;:&quot;gradient&quot;}\">\n\t\t<div class=\"elementor-element elementor-element-285b54e e-flex e-con-boxed e-con e-child\" data-id=\"285b54e\" data-element_type=\"container\" data-settings=\"{&quot;background_background&quot;:&quot;classic&quot;}\">\n\t\t\t\t\t<div class=\"e-con-inner\">\n\t\t\t\t<div class=\"elementor-element elementor-element-8aca634 elementor-widget__width-auto exad-sticky-section-no exad-glass-effect-no elementor-widget elementor-widget-heading\" data-id=\"8aca634\" data-element_type=\"widget\" data-widget_type=\"heading.default\">\n\t\t\t\t<div class=\"elementor-widget-container\">\n\t\t\t\t\t<h1 class=\"elementor-heading-title elementor-size-default\">Healthcare &amp; Pharmaceutical \u2013 Digitalization for Innovative Medical Management<\/h1>\t\t\t\t<\/div>\n\t\t\t\t<\/div>\n\t\t\t\t<div class=\"elementor-element elementor-element-0b2c455 exad-sticky-section-no exad-glass-effect-no elementor-widget elementor-widget-image\" data-id=\"0b2c455\" data-element_type=\"widget\" data-widget_type=\"image.default\">\n\t\t\t\t<div class=\"elementor-widget-container\">\n\t\t\t\t\t\t\t\t\t\t\t\t\t\t\t<img decoding=\"async\" width=\"300\" height=\"168\" src=\"https:\/\/merakytech.com\/php_assets\/uploads\/2025\/03\/Meraky-Sante-300x168.webp\" class=\"attachment-medium size-medium wp-image-16356\" alt=\"\" srcset=\"https:\/\/merakytech.com\/php_assets\/uploads\/2025\/03\/Meraky-Sante-300x168.webp 300w, https:\/\/merakytech.com\/php_assets\/uploads\/2025\/03\/Meraky-Sante-1024x573.webp 1024w, https:\/\/merakytech.com\/php_assets\/uploads\/2025\/03\/Meraky-Sante-768x430.webp 768w, https:\/\/merakytech.com\/php_assets\/uploads\/2025\/03\/Meraky-Sante-18x10.webp 18w, https:\/\/merakytech.com\/php_assets\/uploads\/2025\/03\/Meraky-Sante.webp 1135w\" sizes=\"(max-width: 300px) 100vw, 300px\" \/>\t\t\t\t\t\t\t\t\t\t\t\t\t\t\t<\/div>\n\t\t\t\t<\/div>\n\t\t\t\t\t<\/div>\n\t\t\t\t<\/div>\n\t\t\t\t<\/div>\n\t\t<div class=\"elementor-element elementor-element-8bf8770 e-con-full elementor-hidden-desktop elementor-hidden-laptop elementor-hidden-tablet_extra elementor-hidden-tablet elementor-hidden-mobile_extra elementor-hidden-mobile e-flex e-con e-parent\" data-id=\"8bf8770\" data-element_type=\"container\" data-settings=\"{&quot;background_background&quot;:&quot;gradient&quot;}\">\n\t\t<div class=\"elementor-element elementor-element-a7d99c7 e-flex e-con-boxed e-con e-child\" data-id=\"a7d99c7\" data-element_type=\"container\" data-settings=\"{&quot;background_background&quot;:&quot;classic&quot;}\">\n\t\t\t\t\t<div class=\"e-con-inner\">\n\t\t\t\t<div class=\"elementor-element elementor-element-511440f elementor-widget__width-auto exad-sticky-section-no exad-glass-effect-no elementor-widget elementor-widget-heading\" data-id=\"511440f\" data-element_type=\"widget\" data-widget_type=\"heading.default\">\n\t\t\t\t<div class=\"elementor-widget-container\">\n\t\t\t\t\t<h1 class=\"elementor-heading-title elementor-size-default\">Healthcare &amp; Pharmaceutical \u2013 Digitalization for Innovative Medical Management<\/h1>\t\t\t\t<\/div>\n\t\t\t\t<\/div>\n\t\t\t\t<div class=\"elementor-element elementor-element-79a4631 exad-sticky-section-no exad-glass-effect-no elementor-widget elementor-widget-image\" data-id=\"79a4631\" data-element_type=\"widget\" data-widget_type=\"image.default\">\n\t\t\t\t<div class=\"elementor-widget-container\">\n\t\t\t\t\t\t\t\t\t\t\t\t\t\t\t<img decoding=\"async\" width=\"1135\" height=\"635\" src=\"https:\/\/merakytech.com\/php_assets\/uploads\/2025\/03\/Meraky-Sante.webp\" class=\"attachment-full size-full wp-image-16356\" alt=\"\" srcset=\"https:\/\/merakytech.com\/php_assets\/uploads\/2025\/03\/Meraky-Sante.webp 1135w, https:\/\/merakytech.com\/php_assets\/uploads\/2025\/03\/Meraky-Sante-300x168.webp 300w, https:\/\/merakytech.com\/php_assets\/uploads\/2025\/03\/Meraky-Sante-1024x573.webp 1024w, https:\/\/merakytech.com\/php_assets\/uploads\/2025\/03\/Meraky-Sante-768x430.webp 768w, https:\/\/merakytech.com\/php_assets\/uploads\/2025\/03\/Meraky-Sante-18x10.webp 18w\" sizes=\"(max-width: 1135px) 100vw, 1135px\" \/>\t\t\t\t\t\t\t\t\t\t\t\t\t\t\t<\/div>\n\t\t\t\t<\/div>\n\t\t\t\t\t<\/div>\n\t\t\t\t<\/div>\n\t\t\t\t<\/div>\n\t\t<div class=\"elementor-element elementor-element-1c43c7c e-con-full e-flex e-con e-parent\" data-id=\"1c43c7c\" data-element_type=\"container\">\n\t\t\t\t<div class=\"elementor-element elementor-element-aebf5d7 exad-sticky-section-no exad-glass-effect-no elementor-widget elementor-widget-text-editor\" data-id=\"aebf5d7\" data-element_type=\"widget\" data-widget_type=\"text-editor.default\">\n\t\t\t\t<div class=\"elementor-widget-container\">\n\t\t\t\t\t\t\t\t\t<p>The healthcare and pharmaceutical sectors are undergoing a digital revolution. Innovative solutions enhance medical record management, strengthen data security, and enable personalized patient care. Digitalization has become an essential lever for streamlining processes and elevating the overall patient experience.<\/p>\t\t\t\t\t\t\t\t<\/div>\n\t\t\t\t<\/div>\n\t\t\t\t<\/div>\n\t\t<div class=\"elementor-element elementor-element-4079c47 e-con-full e-flex e-con e-parent\" data-id=\"4079c47\" data-element_type=\"container\">\n\t\t\t\t<div class=\"elementor-element elementor-element-8cbb916 elementor-widget__width-auto exad-sticky-section-no exad-glass-effect-no elementor-widget elementor-widget-heading\" data-id=\"8cbb916\" data-element_type=\"widget\" data-widget_type=\"heading.default\">\n\t\t\t\t<div class=\"elementor-widget-container\">\n\t\t\t\t\t<h2 class=\"elementor-heading-title elementor-size-default\">Innovative Solutions &amp; Approaches<\/h2>\t\t\t\t<\/div>\n\t\t\t\t<\/div>\n\t\t\t\t<\/div>\n\t\t<div class=\"elementor-element elementor-element-494798e e-flex e-con-boxed e-con e-parent\" data-id=\"494798e\" data-element_type=\"container\">\n\t\t\t\t\t<div class=\"e-con-inner\">\n\t\t<div class=\"elementor-element elementor-element-8a48667 e-con-full e-flex e-con e-child\" data-id=\"8a48667\" data-element_type=\"container\">\n\t\t\t\t<div class=\"elementor-element elementor-element-c40c1a0 exad-sticky-section-no exad-glass-effect-no elementor-widget elementor-widget-heading\" data-id=\"c40c1a0\" data-element_type=\"widget\" data-widget_type=\"heading.default\">\n\t\t\t\t<div class=\"elementor-widget-container\">\n\t\t\t\t\t<h3 class=\"elementor-heading-title elementor-size-default\">Solutions<\/h3>\t\t\t\t<\/div>\n\t\t\t\t<\/div>\n\t\t\t\t<div class=\"elementor-element elementor-element-7d1cb46 exad-sticky-section-no exad-glass-effect-no elementor-widget elementor-widget-text-editor\" data-id=\"7d1cb46\" data-element_type=\"widget\" data-widget_type=\"text-editor.default\">\n\t\t\t\t<div class=\"elementor-widget-container\">\n\t\t\t\t\t\t\t\t\t<ul><li data-start=\"16733\" data-end=\"16963\"><strong data-start=\"16735\" data-end=\"16783\">Gestion \u00e9lectronique des dossiers m\u00e9dicaux :<\/strong><br data-start=\"16783\" data-end=\"16786\" \/>La centralisation et la s\u00e9curisation des donn\u00e9es patient facilitent le suivi m\u00e9dical et la coordination entre professionnels de sant\u00e9, tout en garantissant la confidentialit\u00e9.<\/li><\/ul><p>\u00a0<\/p><ul><li data-start=\"16964\" data-end=\"17186\"><strong data-start=\"16966\" data-end=\"17012\">Tra\u00e7abilit\u00e9 des produits pharmaceutiques :<\/strong><br data-start=\"17012\" data-end=\"17015\" \/>Gr\u00e2ce \u00e0 la blockchain et aux syst\u00e8mes de suivi num\u00e9rique, il est possible d\u2019assurer une tra\u00e7abilit\u00e9 compl\u00e8te des m\u00e9dicaments, garantissant leur qualit\u00e9 et leur s\u00e9curit\u00e9.<\/li><\/ul><p>\u00a0<\/p><ul><li data-start=\"17187\" data-end=\"17415\"><strong data-start=\"17189\" data-end=\"17229\">T\u00e9l\u00e9m\u00e9decine et applications sant\u00e9 :<\/strong><br data-start=\"17229\" data-end=\"17232\" \/>Le d\u00e9veloppement de plateformes de t\u00e9l\u00e9m\u00e9decine et d\u2019applications mobiles permet d\u2019am\u00e9liorer l\u2019acc\u00e8s aux soins, de proposer un suivi personnalis\u00e9 et de r\u00e9duire les d\u00e9lais d\u2019attente.<\/li><\/ul><p>\u00a0<\/p><ul><li data-start=\"17416\" data-end=\"17638\"><strong data-start=\"17418\" data-end=\"17459\">Optimisation des processus internes :<\/strong><br data-start=\"17459\" data-end=\"17462\" \/>Des solutions d\u2019automatisation et de data analytics permettent de fluidifier la gestion administrative et de r\u00e9duire les co\u00fbts op\u00e9rationnels dans les \u00e9tablissements de sant\u00e9.<\/li><\/ul>\t\t\t\t\t\t\t\t<\/div>\n\t\t\t\t<\/div>\n\t\t\t\t<\/div>\n\t\t<div class=\"elementor-element elementor-element-6c5631a e-con-full e-flex e-con e-child\" data-id=\"6c5631a\" data-element_type=\"container\">\n\t\t\t\t<div class=\"elementor-element elementor-element-d31ebb8 exad-sticky-section-no exad-glass-effect-no elementor-widget elementor-widget-heading\" data-id=\"d31ebb8\" data-element_type=\"widget\" data-widget_type=\"heading.default\">\n\t\t\t\t<div class=\"elementor-widget-container\">\n\t\t\t\t\t<h3 class=\"elementor-heading-title elementor-size-default\">Benefits for the Healthcare &amp; Pharma Sector<\/h3>\t\t\t\t<\/div>\n\t\t\t\t<\/div>\n\t\t\t\t<div class=\"elementor-element elementor-element-d8b458c exad-sticky-section-no exad-glass-effect-no elementor-widget elementor-widget-text-editor\" data-id=\"d8b458c\" data-element_type=\"widget\" data-widget_type=\"text-editor.default\">\n\t\t\t\t<div class=\"elementor-widget-container\">\n\t\t\t\t\t\t\t\t\t<ul><li data-start=\"17678\" data-end=\"17840\"><strong data-start=\"3\" data-end=\"30\" data-is-only-node=\"\">Enhanced Care Delivery:<\/strong> Centralized, secure data management elevates care quality and improves coordination among healthcare professionals.<\/li><\/ul><p>\u00a0<\/p><ul><li data-start=\"17841\" data-end=\"17988\"><strong data-start=\"3\" data-end=\"29\" data-is-only-node=\"\">Security &amp; Compliance:<\/strong> Digitalization guarantees optimal protection of sensitive data and full adherence to regulatory standards.<\/li><\/ul><p>\u00a0<\/p><ul><li data-start=\"17989\" data-end=\"18147\"><strong data-start=\"3\" data-end=\"34\" data-is-only-node=\"\">Innovation &amp; Accessibility:<\/strong> Digital tools expand access to care and drive innovation in patient treatment and monitoring.<\/li><\/ul><p>\u00a0<\/p><ul><li>Digital transformation in health and pharmaceuticals modernizes processes, elevates care quality, and strengthens data security. Our innovative solutions deliver a comprehensive answer to today\u2019s challenges, driving a more efficient, connected, and resilient healthcare system.<\/li><\/ul>\t\t\t\t\t\t\t\t<\/div>\n\t\t\t\t<\/div>\n\t\t\t\t<\/div>\n\t\t\t\t\t<\/div>\n\t\t\t\t<\/div>\n\t\t<div class=\"elementor-element elementor-element-8c20dc9 e-flex e-con-boxed e-con e-parent\" data-id=\"8c20dc9\" data-element_type=\"container\">\n\t\t\t\t\t<div class=\"e-con-inner\">\n\t\t<div class=\"elementor-element elementor-element-a3ea478 e-con-full e-flex e-con e-child\" data-id=\"a3ea478\" data-element_type=\"container\">\n\t\t\t\t<\/div>\n\t\t<div class=\"elementor-element elementor-element-2a95820 e-con-full e-flex e-con e-child\" data-id=\"2a95820\" data-element_type=\"container\">\n\t\t\t\t<div class=\"elementor-element elementor-element-a1c3465 elementor-widget-widescreen__width-auto exad-sticky-section-no exad-glass-effect-no elementor-widget elementor-widget-ucaddon_underline_link_hover_effect\" data-id=\"a1c3465\" data-element_type=\"widget\" data-widget_type=\"ucaddon_underline_link_hover_effect.default\">\n\t\t\t\t<div class=\"elementor-widget-container\">\n\t\t\t\t\t\n<!-- start Underline Link Hover Effect -->\n\t\t<link id='font-awesome-css' href='https:\/\/merakytech.com\/modules14\/assets_libraries\/font-awesome6\/fontawesome-all.min.css' type='text\/css' rel='stylesheet' >\n\t\t<link id='font-awesome-4-shim-css' href='https:\/\/merakytech.com\/modules14\/assets_libraries\/font-awesome6\/fontawesome-v4-shims.min.css' type='text\/css' rel='stylesheet' >\n\n<style>\/* widget: Underline Link Hover Effect *\/\n\n#uc_underline_link_hover_effect_elementor_a1c3465{\n  display:flex;\n} \n\n#uc_underline_link_hover_effect_elementor_a1c3465 a.ue-link{\n  display:flex;\n  position:relative;\n  align-items:center;\n  justify-content:center;\n  text-decoration:none;\n}\n\n#uc_underline_link_hover_effect_elementor_a1c3465 a.ue-link:after{\n  content: \"\";\n    width:100%;\n    position:absolute;\n  bottom:0px;\n    left:0px;\n    display: block;\n  transition:1s;\n}\n\n#uc_underline_link_hover_effect_elementor_a1c3465 a:hover:after{\n    width:0%;\n  }\n\n#uc_underline_link_hover_effect_elementor_a1c3465 .ue-link-hover-effect-spacing{\n  transition:1s;\n}\n\n#uc_underline_link_hover_effect_elementor_a1c3465 .ue-link-hover-effect-text{\n  padding:10px 0px;\n}\n\n#uc_underline_link_hover_effect_elementor_a1c3465 .ue-link-hover-effect-icon{\n  line-height:1em;\n  transition:1s;\n}\n\n#uc_underline_link_hover_effect_elementor_a1c3465 .ue-link-hover-effect-icon svg{\n  height:1em;\n  width:1em;\n}\n\n<\/style>\n\n<div id=\"uc_underline_link_hover_effect_elementor_a1c3465\" class=\"ue-link-wrap\">\n  <a class=\"ue-link\" href=\"https:\/\/merakytech.com\/contact\/\" >\n    <div class=\"ue-link-hover-effect-text\">Let's start your project now<\/div>\n    <div class=\"ue-link-hover-effect-spacing\"><\/div>\n    <div class=\"ue-link-hover-effect-icon\"><i class='fas fa-arrow-right'><\/i><\/div>\n  <\/a>\n<\/div>\n<!-- end Underline Link Hover Effect -->\t\t\t\t<\/div>\n\t\t\t\t<\/div>\n\t\t\t\t<\/div>\n\t\t<div class=\"elementor-element elementor-element-c03b969 e-con-full e-flex e-con e-child\" data-id=\"c03b969\" data-element_type=\"container\">\n\t\t\t\t<\/div>\n\t\t\t\t\t<\/div>\n\t\t\t\t<\/div>\n\t\t\t\t<\/div>\n\t\t","protected":false},"excerpt":{"rendered":"<p>Healthcare &amp; Pharmaceutical \u2013 Digitalization for Innovative Medical Management Healthcare &amp; Pharmaceutical \u2013 Digitalization for Innovative Medical Management Healthcare &amp; Pharmaceutical \u2013 Digitalization for Innovative Medical Management The healthcare and pharmaceutical sectors are undergoing a digital revolution. Innovative solutions enhance medical record management, strengthen data security, and enable personalized patient care. Digitalization has become an [&hellip;]<\/p>\n","protected":false},"author":1,"featured_media":0,"parent":0,"menu_order":0,"comment_status":"closed","ping_status":"closed","template":"elementor_header_footer","meta":{"footnotes":""},"class_list":["post-16347","page","type-page","status-publish","hentry"],"_links":{"self":[{"href":"https:\/\/merakytech.com\/fr\/wp-json\/wp\/v2\/pages\/16347","targetHints":{"allow":["GET"]}}],"collection":[{"href":"https:\/\/merakytech.com\/fr\/wp-json\/wp\/v2\/pages"}],"about":[{"href":"https:\/\/merakytech.com\/fr\/wp-json\/wp\/v2\/types\/page"}],"author":[{"embeddable":true,"href":"https:\/\/merakytech.com\/fr\/wp-json\/wp\/v2\/users\/1"}],"replies":[{"embeddable":true,"href":"https:\/\/merakytech.com\/fr\/wp-json\/wp\/v2\/comments?post=16347"}],"version-history":[{"count":37,"href":"https:\/\/merakytech.com\/fr\/wp-json\/wp\/v2\/pages\/16347\/revisions"}],"predecessor-version":[{"id":18242,"href":"https:\/\/merakytech.com\/fr\/wp-json\/wp\/v2\/pages\/16347\/revisions\/18242"}],"wp:attachment":[{"href":"https:\/\/merakytech.com\/fr\/wp-json\/wp\/v2\/media?parent=16347"}],"curies":[{"name":"wp","href":"https:\/\/api.w.org\/{rel}","templated":true}]}}