{"id":16308,"date":"2025-03-03T10:27:15","date_gmt":"2025-03-03T10:27:15","guid":{"rendered":"https:\/\/merakytech.com\/?page_id=16308"},"modified":"2025-07-15T18:26:16","modified_gmt":"2025-07-15T18:26:16","slug":"finances","status":"publish","type":"page","link":"https:\/\/merakytech.com\/fr\/finances\/","title":{"rendered":"Finances \u2013 Innovation digitale pour une gestion financi\u00e8re performante"},"content":{"rendered":"\t\t<div data-elementor-type=\"wp-page\" data-elementor-id=\"16308\" class=\"elementor elementor-16308\" data-elementor-post-type=\"page\">\n\t\t\t\t<div class=\"elementor-element elementor-element-8ae393d e-con-full elementor-hidden-widescreen elementor-hidden-mobile_extra elementor-hidden-mobile e-flex e-con e-parent\" data-id=\"8ae393d\" data-element_type=\"container\" data-settings=\"{&quot;background_background&quot;:&quot;gradient&quot;}\">\n\t\t<div class=\"elementor-element elementor-element-5f566ea e-flex e-con-boxed e-con e-child\" data-id=\"5f566ea\" data-element_type=\"container\" data-settings=\"{&quot;background_background&quot;:&quot;classic&quot;}\">\n\t\t\t\t\t<div class=\"e-con-inner\">\n\t\t\t\t<div class=\"elementor-element elementor-element-e6dc546 elementor-widget__width-auto exad-sticky-section-no exad-glass-effect-no elementor-widget elementor-widget-heading\" data-id=\"e6dc546\" data-element_type=\"widget\" data-widget_type=\"heading.default\">\n\t\t\t\t<div class=\"elementor-widget-container\">\n\t\t\t\t\t<h1 class=\"elementor-heading-title elementor-size-default\">Finance \u2013 Digital Innovation for Efficient Financial Management<\/h1>\t\t\t\t<\/div>\n\t\t\t\t<\/div>\n\t\t\t\t<div class=\"elementor-element elementor-element-9b95ea4 exad-sticky-section-no exad-glass-effect-no elementor-widget elementor-widget-image\" data-id=\"9b95ea4\" data-element_type=\"widget\" data-widget_type=\"image.default\">\n\t\t\t\t<div class=\"elementor-widget-container\">\n\t\t\t\t\t\t\t\t\t\t\t\t\t\t\t<img fetchpriority=\"high\" decoding=\"async\" width=\"768\" height=\"430\" src=\"https:\/\/merakytech.com\/php_assets\/uploads\/2025\/03\/Meraky-finances-768x430.webp\" class=\"attachment-medium_large size-medium_large wp-image-16321\" alt=\"\" srcset=\"https:\/\/merakytech.com\/php_assets\/uploads\/2025\/03\/Meraky-finances-768x430.webp 768w, https:\/\/merakytech.com\/php_assets\/uploads\/2025\/03\/Meraky-finances-300x168.webp 300w, https:\/\/merakytech.com\/php_assets\/uploads\/2025\/03\/Meraky-finances-1024x573.webp 1024w, https:\/\/merakytech.com\/php_assets\/uploads\/2025\/03\/Meraky-finances-18x10.webp 18w, https:\/\/merakytech.com\/php_assets\/uploads\/2025\/03\/Meraky-finances.webp 1135w\" sizes=\"(max-width: 768px) 100vw, 768px\" \/>\t\t\t\t\t\t\t\t\t\t\t\t\t\t\t<\/div>\n\t\t\t\t<\/div>\n\t\t\t\t\t<\/div>\n\t\t\t\t<\/div>\n\t\t\t\t<\/div>\n\t\t<div class=\"elementor-element elementor-element-11dea4d e-con-full elementor-hidden-widescreen elementor-hidden-desktop elementor-hidden-laptop elementor-hidden-tablet_extra elementor-hidden-tablet e-flex e-con e-parent\" data-id=\"11dea4d\" data-element_type=\"container\" data-settings=\"{&quot;background_background&quot;:&quot;gradient&quot;}\">\n\t\t<div class=\"elementor-element elementor-element-578ee17 e-flex e-con-boxed e-con e-child\" data-id=\"578ee17\" data-element_type=\"container\" data-settings=\"{&quot;background_background&quot;:&quot;classic&quot;}\">\n\t\t\t\t\t<div class=\"e-con-inner\">\n\t\t\t\t<div class=\"elementor-element elementor-element-e03ddb4 elementor-widget__width-auto exad-sticky-section-no exad-glass-effect-no elementor-widget elementor-widget-heading\" data-id=\"e03ddb4\" data-element_type=\"widget\" data-widget_type=\"heading.default\">\n\t\t\t\t<div class=\"elementor-widget-container\">\n\t\t\t\t\t<h1 class=\"elementor-heading-title elementor-size-default\">Finance \u2013 Digital Innovation for Efficient Financial Management<\/h1>\t\t\t\t<\/div>\n\t\t\t\t<\/div>\n\t\t\t\t<div class=\"elementor-element elementor-element-589639d exad-sticky-section-no exad-glass-effect-no elementor-widget elementor-widget-image\" data-id=\"589639d\" data-element_type=\"widget\" data-widget_type=\"image.default\">\n\t\t\t\t<div class=\"elementor-widget-container\">\n\t\t\t\t\t\t\t\t\t\t\t\t\t\t\t<img decoding=\"async\" width=\"300\" height=\"168\" src=\"https:\/\/merakytech.com\/php_assets\/uploads\/2025\/03\/Meraky-finances-300x168.webp\" class=\"attachment-medium size-medium wp-image-16321\" alt=\"\" srcset=\"https:\/\/merakytech.com\/php_assets\/uploads\/2025\/03\/Meraky-finances-300x168.webp 300w, https:\/\/merakytech.com\/php_assets\/uploads\/2025\/03\/Meraky-finances-1024x573.webp 1024w, https:\/\/merakytech.com\/php_assets\/uploads\/2025\/03\/Meraky-finances-768x430.webp 768w, https:\/\/merakytech.com\/php_assets\/uploads\/2025\/03\/Meraky-finances-18x10.webp 18w, https:\/\/merakytech.com\/php_assets\/uploads\/2025\/03\/Meraky-finances.webp 1135w\" sizes=\"(max-width: 300px) 100vw, 300px\" \/>\t\t\t\t\t\t\t\t\t\t\t\t\t\t\t<\/div>\n\t\t\t\t<\/div>\n\t\t\t\t\t<\/div>\n\t\t\t\t<\/div>\n\t\t\t\t<\/div>\n\t\t<div class=\"elementor-element elementor-element-ba17f3a e-con-full elementor-hidden-desktop elementor-hidden-laptop elementor-hidden-tablet_extra elementor-hidden-tablet elementor-hidden-mobile_extra elementor-hidden-mobile e-flex e-con e-parent\" data-id=\"ba17f3a\" data-element_type=\"container\" data-settings=\"{&quot;background_background&quot;:&quot;gradient&quot;}\">\n\t\t<div class=\"elementor-element elementor-element-5c6da6d e-flex e-con-boxed e-con e-child\" data-id=\"5c6da6d\" data-element_type=\"container\" data-settings=\"{&quot;background_background&quot;:&quot;classic&quot;}\">\n\t\t\t\t\t<div class=\"e-con-inner\">\n\t\t\t\t<div class=\"elementor-element elementor-element-46876b4 elementor-widget__width-auto exad-sticky-section-no exad-glass-effect-no elementor-widget elementor-widget-heading\" data-id=\"46876b4\" data-element_type=\"widget\" data-widget_type=\"heading.default\">\n\t\t\t\t<div class=\"elementor-widget-container\">\n\t\t\t\t\t<h1 class=\"elementor-heading-title elementor-size-default\">Finance \u2013 Digital Innovation for Efficient Financial Management<\/h1>\t\t\t\t<\/div>\n\t\t\t\t<\/div>\n\t\t\t\t<div class=\"elementor-element elementor-element-d5c6ef9 exad-sticky-section-no exad-glass-effect-no elementor-widget elementor-widget-image\" data-id=\"d5c6ef9\" data-element_type=\"widget\" data-widget_type=\"image.default\">\n\t\t\t\t<div class=\"elementor-widget-container\">\n\t\t\t\t\t\t\t\t\t\t\t\t\t\t\t<img decoding=\"async\" width=\"1135\" height=\"635\" src=\"https:\/\/merakytech.com\/php_assets\/uploads\/2025\/03\/Meraky-finances.webp\" class=\"attachment-full size-full wp-image-16321\" alt=\"\" srcset=\"https:\/\/merakytech.com\/php_assets\/uploads\/2025\/03\/Meraky-finances.webp 1135w, https:\/\/merakytech.com\/php_assets\/uploads\/2025\/03\/Meraky-finances-300x168.webp 300w, https:\/\/merakytech.com\/php_assets\/uploads\/2025\/03\/Meraky-finances-1024x573.webp 1024w, https:\/\/merakytech.com\/php_assets\/uploads\/2025\/03\/Meraky-finances-768x430.webp 768w, https:\/\/merakytech.com\/php_assets\/uploads\/2025\/03\/Meraky-finances-18x10.webp 18w\" sizes=\"(max-width: 1135px) 100vw, 1135px\" \/>\t\t\t\t\t\t\t\t\t\t\t\t\t\t\t<\/div>\n\t\t\t\t<\/div>\n\t\t\t\t\t<\/div>\n\t\t\t\t<\/div>\n\t\t\t\t<\/div>\n\t\t<div class=\"elementor-element elementor-element-1230128 e-con-full e-flex e-con e-parent\" data-id=\"1230128\" data-element_type=\"container\">\n\t\t\t\t<div class=\"elementor-element elementor-element-207471d exad-sticky-section-no exad-glass-effect-no elementor-widget elementor-widget-text-editor\" data-id=\"207471d\" data-element_type=\"widget\" data-widget_type=\"text-editor.default\">\n\t\t\t\t<div class=\"elementor-widget-container\">\n\t\t\t\t\t\t\t\t\t<p>The financial sector is evolving under the drive of digital innovation. The convergence of technologies like predictive analytics, blockchain, and process automation enables institutions to boost efficiency and security while delivering an enhanced customer experience.<\/p>\t\t\t\t\t\t\t\t<\/div>\n\t\t\t\t<\/div>\n\t\t\t\t<\/div>\n\t\t<div class=\"elementor-element elementor-element-17256c9 e-con-full e-flex e-con e-parent\" data-id=\"17256c9\" data-element_type=\"container\">\n\t\t\t\t<div class=\"elementor-element elementor-element-e70f55c elementor-widget__width-auto exad-sticky-section-no exad-glass-effect-no elementor-widget elementor-widget-heading\" data-id=\"e70f55c\" data-element_type=\"widget\" data-widget_type=\"heading.default\">\n\t\t\t\t<div class=\"elementor-widget-container\">\n\t\t\t\t\t<h2 class=\"elementor-heading-title elementor-size-default\">Solutions and innovations<\/h2>\t\t\t\t<\/div>\n\t\t\t\t<\/div>\n\t\t\t\t<\/div>\n\t\t<div class=\"elementor-element elementor-element-5897304 e-flex e-con-boxed e-con e-parent\" data-id=\"5897304\" data-element_type=\"container\">\n\t\t\t\t\t<div class=\"e-con-inner\">\n\t\t<div class=\"elementor-element elementor-element-3630f06 e-con-full e-flex e-con e-child\" data-id=\"3630f06\" data-element_type=\"container\">\n\t\t\t\t<div class=\"elementor-element elementor-element-8abfebc exad-sticky-section-no exad-glass-effect-no elementor-widget elementor-widget-heading\" data-id=\"8abfebc\" data-element_type=\"widget\" data-widget_type=\"heading.default\">\n\t\t\t\t<div class=\"elementor-widget-container\">\n\t\t\t\t\t<h3 class=\"elementor-heading-title elementor-size-default\">Solutions<\/h3>\t\t\t\t<\/div>\n\t\t\t\t<\/div>\n\t\t\t\t<div class=\"elementor-element elementor-element-3df2d70 exad-sticky-section-no exad-glass-effect-no elementor-widget elementor-widget-text-editor\" data-id=\"3df2d70\" data-element_type=\"widget\" data-widget_type=\"text-editor.default\">\n\t\t\t\t<div class=\"elementor-widget-container\">\n\t\t\t\t\t\t\t\t\t<ul><li data-start=\"9418\" data-end=\"9732\"><strong data-start=\"9420\" data-end=\"9456\">Analyse pr\u00e9dictive et Big Data :<\/strong><br data-start=\"9456\" data-end=\"9459\" \/>L\u2019utilisation d\u2019algorithmes de machine learning permet de pr\u00e9voir les tendances du march\u00e9, d\u2019optimiser la gestion des risques et d\u2019adapter les strat\u00e9gies en temps r\u00e9el. Ces outils offrent une vision pr\u00e9cise des fluctuations financi\u00e8res et am\u00e9liorent la prise de d\u00e9cision.<\/li><\/ul><p>\u00a0<\/p><ul><li data-start=\"9733\" data-end=\"10017\"><strong data-start=\"9735\" data-end=\"9780\">Automatisation des processus financiers :<\/strong><br data-start=\"9780\" data-end=\"9783\" \/>La digitalisation des op\u00e9rations, notamment via des solutions de Robotic Process Automation (RPA), r\u00e9duit les erreurs et acc\u00e9l\u00e8re les transactions. Cette automatisation permet de lib\u00e9rer du temps pour des analyses plus strat\u00e9giques.<\/li><\/ul><p>\u00a0<\/p><ul><li data-start=\"10018\" data-end=\"10251\"><strong data-start=\"10020\" data-end=\"10048\">S\u00e9curit\u00e9 et conformit\u00e9 :<\/strong><br data-start=\"10048\" data-end=\"10051\" \/>Des protocoles de s\u00e9curit\u00e9 avanc\u00e9s et des audits r\u00e9guliers garantissent la protection des donn\u00e9es sensibles et le respect des r\u00e9glementations, renfor\u00e7ant la confiance des clients et des partenaires.<\/li><\/ul>\t\t\t\t\t\t\t\t<\/div>\n\t\t\t\t<\/div>\n\t\t\t\t<\/div>\n\t\t<div class=\"elementor-element elementor-element-2927ab3 e-con-full e-flex e-con e-child\" data-id=\"2927ab3\" data-element_type=\"container\">\n\t\t\t\t<div class=\"elementor-element elementor-element-1f558a1 exad-sticky-section-no exad-glass-effect-no elementor-widget elementor-widget-heading\" data-id=\"1f558a1\" data-element_type=\"widget\" data-widget_type=\"heading.default\">\n\t\t\t\t<div class=\"elementor-widget-container\">\n\t\t\t\t\t<h3 class=\"elementor-heading-title elementor-size-default\">Concrete Financial Benefits<\/h3>\t\t\t\t<\/div>\n\t\t\t\t<\/div>\n\t\t\t\t<div class=\"elementor-element elementor-element-350b3e0 exad-sticky-section-no exad-glass-effect-no elementor-widget elementor-widget-text-editor\" data-id=\"350b3e0\" data-element_type=\"widget\" data-widget_type=\"text-editor.default\">\n\t\t\t\t<div class=\"elementor-widget-container\">\n\t\t\t\t\t\t\t\t\t<ul><li data-start=\"10295\" data-end=\"10430\"><strong data-start=\"3\" data-end=\"35\" data-is-only-node=\"\">Efficiency &amp; Cost Reduction:<\/strong> Automated processes significantly reduce operational expenses.<\/li><\/ul><p>\u00a0<\/p><ul><li data-start=\"10431\" data-end=\"10584\"><strong data-start=\"3\" data-end=\"32\" data-is-only-node=\"\">Improved Decision\u2011Making:<\/strong> Real\u2011time analytics deliver valuable insights, enabling you to respond swiftly to market shifts.<\/li><\/ul><p>\u00a0<\/p><ul><li data-start=\"10585\" data-end=\"10762\"><strong data-start=\"3\" data-end=\"25\" data-is-only-node=\"\">Trust Enhancement:<\/strong> Strengthened security protocols and strict compliance with regulatory standards foster a strong relationship of trust with both clients and investors.<\/li><\/ul><p>\u00a0<\/p><ul><li>Integrating digital solutions in the financial sector optimizes risk management, boosts operational efficiency, and delivers premium customer experiences. These innovations position institutions at the forefront of digital transformation and strengthen their competitiveness in a constantly evolving landscape.<\/li><\/ul>\t\t\t\t\t\t\t\t<\/div>\n\t\t\t\t<\/div>\n\t\t\t\t<\/div>\n\t\t\t\t\t<\/div>\n\t\t\t\t<\/div>\n\t\t<div class=\"elementor-element elementor-element-8b4345c e-flex e-con-boxed e-con e-parent\" data-id=\"8b4345c\" data-element_type=\"container\">\n\t\t\t\t\t<div class=\"e-con-inner\">\n\t\t<div class=\"elementor-element elementor-element-639b5d6 e-con-full e-flex e-con e-child\" data-id=\"639b5d6\" data-element_type=\"container\">\n\t\t\t\t<\/div>\n\t\t<div class=\"elementor-element elementor-element-7b95b92 e-con-full e-flex e-con e-child\" data-id=\"7b95b92\" data-element_type=\"container\">\n\t\t\t\t<div class=\"elementor-element elementor-element-6ef2b8e elementor-widget-widescreen__width-auto exad-sticky-section-no exad-glass-effect-no elementor-widget elementor-widget-ucaddon_underline_link_hover_effect\" data-id=\"6ef2b8e\" data-element_type=\"widget\" data-widget_type=\"ucaddon_underline_link_hover_effect.default\">\n\t\t\t\t<div class=\"elementor-widget-container\">\n\t\t\t\t\t\n<!-- start Underline Link Hover Effect -->\n\t\t<link id='font-awesome-css' href='https:\/\/merakytech.com\/modules14\/assets_libraries\/font-awesome6\/fontawesome-all.min.css' type='text\/css' rel='stylesheet' >\n\t\t<link id='font-awesome-4-shim-css' href='https:\/\/merakytech.com\/modules14\/assets_libraries\/font-awesome6\/fontawesome-v4-shims.min.css' type='text\/css' rel='stylesheet' >\n\n<style>\/* widget: Underline Link Hover Effect *\/\n\n#uc_underline_link_hover_effect_elementor_6ef2b8e{\n  display:flex;\n} \n\n#uc_underline_link_hover_effect_elementor_6ef2b8e a.ue-link{\n  display:flex;\n  position:relative;\n  align-items:center;\n  justify-content:center;\n  text-decoration:none;\n}\n\n#uc_underline_link_hover_effect_elementor_6ef2b8e a.ue-link:after{\n  content: \"\";\n    width:100%;\n    position:absolute;\n  bottom:0px;\n    left:0px;\n    display: block;\n  transition:1s;\n}\n\n#uc_underline_link_hover_effect_elementor_6ef2b8e a:hover:after{\n    width:0%;\n  }\n\n#uc_underline_link_hover_effect_elementor_6ef2b8e .ue-link-hover-effect-spacing{\n  transition:1s;\n}\n\n#uc_underline_link_hover_effect_elementor_6ef2b8e .ue-link-hover-effect-text{\n  padding:10px 0px;\n}\n\n#uc_underline_link_hover_effect_elementor_6ef2b8e .ue-link-hover-effect-icon{\n  line-height:1em;\n  transition:1s;\n}\n\n#uc_underline_link_hover_effect_elementor_6ef2b8e .ue-link-hover-effect-icon svg{\n  height:1em;\n  width:1em;\n}\n\n<\/style>\n\n<div id=\"uc_underline_link_hover_effect_elementor_6ef2b8e\" class=\"ue-link-wrap\">\n  <a class=\"ue-link\" href=\"https:\/\/merakytech.com\/contact\/\" >\n    <div class=\"ue-link-hover-effect-text\">Let's start your project now<\/div>\n    <div class=\"ue-link-hover-effect-spacing\"><\/div>\n    <div class=\"ue-link-hover-effect-icon\"><i class='fas fa-arrow-right'><\/i><\/div>\n  <\/a>\n<\/div>\n<!-- end Underline Link Hover Effect -->\t\t\t\t<\/div>\n\t\t\t\t<\/div>\n\t\t\t\t<\/div>\n\t\t<div class=\"elementor-element elementor-element-e35041e e-con-full e-flex e-con e-child\" data-id=\"e35041e\" data-element_type=\"container\">\n\t\t\t\t<\/div>\n\t\t\t\t\t<\/div>\n\t\t\t\t<\/div>\n\t\t\t\t<\/div>\n\t\t","protected":false},"excerpt":{"rendered":"<p>Finance \u2013 Digital Innovation for Efficient Financial Management Finance \u2013 Digital Innovation for Efficient Financial Management Finance \u2013 Digital Innovation for Efficient Financial Management The financial sector is evolving under the drive of digital innovation. The convergence of technologies like predictive analytics, blockchain, and process automation enables institutions to boost efficiency and security while delivering [&hellip;]<\/p>\n","protected":false},"author":1,"featured_media":0,"parent":0,"menu_order":0,"comment_status":"closed","ping_status":"closed","template":"elementor_header_footer","meta":{"footnotes":""},"class_list":["post-16308","page","type-page","status-publish","hentry"],"_links":{"self":[{"href":"https:\/\/merakytech.com\/fr\/wp-json\/wp\/v2\/pages\/16308","targetHints":{"allow":["GET"]}}],"collection":[{"href":"https:\/\/merakytech.com\/fr\/wp-json\/wp\/v2\/pages"}],"about":[{"href":"https:\/\/merakytech.com\/fr\/wp-json\/wp\/v2\/types\/page"}],"author":[{"embeddable":true,"href":"https:\/\/merakytech.com\/fr\/wp-json\/wp\/v2\/users\/1"}],"replies":[{"embeddable":true,"href":"https:\/\/merakytech.com\/fr\/wp-json\/wp\/v2\/comments?post=16308"}],"version-history":[{"count":46,"href":"https:\/\/merakytech.com\/fr\/wp-json\/wp\/v2\/pages\/16308\/revisions"}],"predecessor-version":[{"id":18221,"href":"https:\/\/merakytech.com\/fr\/wp-json\/wp\/v2\/pages\/16308\/revisions\/18221"}],"wp:attachment":[{"href":"https:\/\/merakytech.com\/fr\/wp-json\/wp\/v2\/media?parent=16308"}],"curies":[{"name":"wp","href":"https:\/\/api.w.org\/{rel}","templated":true}]}}