{"id":16282,"date":"2025-03-03T10:05:51","date_gmt":"2025-03-03T10:05:51","guid":{"rendered":"https:\/\/merakytech.com\/?page_id=16282"},"modified":"2025-07-15T18:13:14","modified_gmt":"2025-07-15T18:13:14","slug":"education","status":"publish","type":"page","link":"https:\/\/merakytech.com\/fr\/education\/","title":{"rendered":"\u00c9ducation \u2013 Transformation digitale et formation Innovante"},"content":{"rendered":"\t\t<div data-elementor-type=\"wp-page\" data-elementor-id=\"16282\" class=\"elementor elementor-16282\" data-elementor-post-type=\"page\">\n\t\t\t\t<div class=\"elementor-element elementor-element-baa1340 e-con-full elementor-hidden-desktop elementor-hidden-laptop elementor-hidden-tablet_extra elementor-hidden-tablet elementor-hidden-mobile_extra elementor-hidden-mobile e-flex e-con e-parent\" data-id=\"baa1340\" data-element_type=\"container\" data-settings=\"{&quot;background_background&quot;:&quot;gradient&quot;}\">\n\t\t<div class=\"elementor-element elementor-element-050837b e-flex e-con-boxed e-con e-child\" data-id=\"050837b\" data-element_type=\"container\" data-settings=\"{&quot;background_background&quot;:&quot;classic&quot;}\">\n\t\t\t\t\t<div class=\"e-con-inner\">\n\t\t\t\t<div class=\"elementor-element elementor-element-9fdeea4 elementor-widget__width-auto exad-sticky-section-no exad-glass-effect-no elementor-widget elementor-widget-heading\" data-id=\"9fdeea4\" data-element_type=\"widget\" data-widget_type=\"heading.default\">\n\t\t\t\t<div class=\"elementor-widget-container\">\n\t\t\t\t\t<h1 class=\"elementor-heading-title elementor-size-default\">Education \u2013 Digital Transformation &amp; Innovative Training<\/h1>\t\t\t\t<\/div>\n\t\t\t\t<\/div>\n\t\t\t\t<div class=\"elementor-element elementor-element-4b25ada exad-sticky-section-no exad-glass-effect-no elementor-widget elementor-widget-image\" data-id=\"4b25ada\" data-element_type=\"widget\" data-widget_type=\"image.default\">\n\t\t\t\t<div class=\"elementor-widget-container\">\n\t\t\t\t\t\t\t\t\t\t\t\t\t\t\t<img fetchpriority=\"high\" decoding=\"async\" width=\"1135\" height=\"635\" src=\"https:\/\/merakytech.com\/php_assets\/uploads\/2025\/03\/Meraky-education.webp\" class=\"attachment-full size-full wp-image-16289\" alt=\"\" srcset=\"https:\/\/merakytech.com\/php_assets\/uploads\/2025\/03\/Meraky-education.webp 1135w, https:\/\/merakytech.com\/php_assets\/uploads\/2025\/03\/Meraky-education-300x168.webp 300w, https:\/\/merakytech.com\/php_assets\/uploads\/2025\/03\/Meraky-education-1024x573.webp 1024w, https:\/\/merakytech.com\/php_assets\/uploads\/2025\/03\/Meraky-education-768x430.webp 768w, https:\/\/merakytech.com\/php_assets\/uploads\/2025\/03\/Meraky-education-18x10.webp 18w\" sizes=\"(max-width: 1135px) 100vw, 1135px\" \/>\t\t\t\t\t\t\t\t\t\t\t\t\t\t\t<\/div>\n\t\t\t\t<\/div>\n\t\t\t\t\t<\/div>\n\t\t\t\t<\/div>\n\t\t\t\t<\/div>\n\t\t<div class=\"elementor-element elementor-element-81e0b13 e-con-full elementor-hidden-widescreen elementor-hidden-tablet_extra elementor-hidden-tablet elementor-hidden-mobile_extra elementor-hidden-mobile e-flex e-con e-parent\" data-id=\"81e0b13\" data-element_type=\"container\" data-settings=\"{&quot;background_background&quot;:&quot;gradient&quot;}\">\n\t\t<div class=\"elementor-element elementor-element-3a0239f e-flex e-con-boxed e-con e-child\" data-id=\"3a0239f\" data-element_type=\"container\" data-settings=\"{&quot;background_background&quot;:&quot;classic&quot;}\">\n\t\t\t\t\t<div class=\"e-con-inner\">\n\t\t\t\t<div class=\"elementor-element elementor-element-c10fe2f elementor-widget__width-auto exad-sticky-section-no exad-glass-effect-no elementor-widget elementor-widget-heading\" data-id=\"c10fe2f\" data-element_type=\"widget\" data-widget_type=\"heading.default\">\n\t\t\t\t<div class=\"elementor-widget-container\">\n\t\t\t\t\t<h1 class=\"elementor-heading-title elementor-size-default\">Education \u2013 Digital Transformation &amp; Innovative Training<\/h1>\t\t\t\t<\/div>\n\t\t\t\t<\/div>\n\t\t\t\t<div class=\"elementor-element elementor-element-a4aa62b exad-sticky-section-no exad-glass-effect-no elementor-widget elementor-widget-image\" data-id=\"a4aa62b\" data-element_type=\"widget\" data-widget_type=\"image.default\">\n\t\t\t\t<div class=\"elementor-widget-container\">\n\t\t\t\t\t\t\t\t\t\t\t\t\t\t\t<img decoding=\"async\" width=\"768\" height=\"430\" src=\"https:\/\/merakytech.com\/php_assets\/uploads\/2025\/03\/Meraky-education-768x430.webp\" class=\"attachment-medium_large size-medium_large wp-image-16289\" alt=\"\" srcset=\"https:\/\/merakytech.com\/php_assets\/uploads\/2025\/03\/Meraky-education-768x430.webp 768w, https:\/\/merakytech.com\/php_assets\/uploads\/2025\/03\/Meraky-education-300x168.webp 300w, https:\/\/merakytech.com\/php_assets\/uploads\/2025\/03\/Meraky-education-1024x573.webp 1024w, https:\/\/merakytech.com\/php_assets\/uploads\/2025\/03\/Meraky-education-18x10.webp 18w, https:\/\/merakytech.com\/php_assets\/uploads\/2025\/03\/Meraky-education.webp 1135w\" sizes=\"(max-width: 768px) 100vw, 768px\" \/>\t\t\t\t\t\t\t\t\t\t\t\t\t\t\t<\/div>\n\t\t\t\t<\/div>\n\t\t\t\t\t<\/div>\n\t\t\t\t<\/div>\n\t\t\t\t<\/div>\n\t\t<div class=\"elementor-element elementor-element-1fd786c e-con-full elementor-hidden-widescreen elementor-hidden-desktop elementor-hidden-laptop e-flex e-con e-parent\" data-id=\"1fd786c\" data-element_type=\"container\" data-settings=\"{&quot;background_background&quot;:&quot;gradient&quot;}\">\n\t\t<div class=\"elementor-element elementor-element-408ef9d e-flex e-con-boxed e-con e-child\" data-id=\"408ef9d\" data-element_type=\"container\" data-settings=\"{&quot;background_background&quot;:&quot;classic&quot;}\">\n\t\t\t\t\t<div class=\"e-con-inner\">\n\t\t\t\t<div class=\"elementor-element elementor-element-1a3b768 elementor-widget__width-auto exad-sticky-section-no exad-glass-effect-no elementor-widget elementor-widget-heading\" data-id=\"1a3b768\" data-element_type=\"widget\" data-widget_type=\"heading.default\">\n\t\t\t\t<div class=\"elementor-widget-container\">\n\t\t\t\t\t<h1 class=\"elementor-heading-title elementor-size-default\">Education \u2013 Digital Transformation &amp; Innovative Training<\/h1>\t\t\t\t<\/div>\n\t\t\t\t<\/div>\n\t\t\t\t<div class=\"elementor-element elementor-element-fb04474 exad-sticky-section-no exad-glass-effect-no elementor-widget elementor-widget-image\" data-id=\"fb04474\" data-element_type=\"widget\" data-widget_type=\"image.default\">\n\t\t\t\t<div class=\"elementor-widget-container\">\n\t\t\t\t\t\t\t\t\t\t\t\t\t\t\t<img decoding=\"async\" width=\"300\" height=\"168\" src=\"https:\/\/merakytech.com\/php_assets\/uploads\/2025\/03\/Meraky-education-300x168.webp\" class=\"attachment-medium size-medium wp-image-16289\" alt=\"\" srcset=\"https:\/\/merakytech.com\/php_assets\/uploads\/2025\/03\/Meraky-education-300x168.webp 300w, https:\/\/merakytech.com\/php_assets\/uploads\/2025\/03\/Meraky-education-1024x573.webp 1024w, https:\/\/merakytech.com\/php_assets\/uploads\/2025\/03\/Meraky-education-768x430.webp 768w, https:\/\/merakytech.com\/php_assets\/uploads\/2025\/03\/Meraky-education-18x10.webp 18w, https:\/\/merakytech.com\/php_assets\/uploads\/2025\/03\/Meraky-education.webp 1135w\" sizes=\"(max-width: 300px) 100vw, 300px\" \/>\t\t\t\t\t\t\t\t\t\t\t\t\t\t\t<\/div>\n\t\t\t\t<\/div>\n\t\t\t\t\t<\/div>\n\t\t\t\t<\/div>\n\t\t\t\t<\/div>\n\t\t<div class=\"elementor-element elementor-element-79cef17 e-con-full e-flex e-con e-parent\" data-id=\"79cef17\" data-element_type=\"container\">\n\t\t\t\t<div class=\"elementor-element elementor-element-0174be7 exad-sticky-section-no exad-glass-effect-no elementor-widget elementor-widget-text-editor\" data-id=\"0174be7\" data-element_type=\"widget\" data-widget_type=\"text-editor.default\">\n\t\t\t\t<div class=\"elementor-widget-container\">\n\t\t\t\t\t\t\t\t\t<p>Digital transformation is revolutionizing education by introducing new teaching and learning methods. In today\u2019s world, educational institutions must embrace innovative solutions to boost instructional effectiveness and equip learners for the demands of modern professional life.<\/p>\t\t\t\t\t\t\t\t<\/div>\n\t\t\t\t<\/div>\n\t\t\t\t<\/div>\n\t\t<div class=\"elementor-element elementor-element-be591a0 e-con-full e-flex e-con e-parent\" data-id=\"be591a0\" data-element_type=\"container\">\n\t\t\t\t<div class=\"elementor-element elementor-element-da4298b elementor-widget__width-auto exad-sticky-section-no exad-glass-effect-no elementor-widget elementor-widget-heading\" data-id=\"da4298b\" data-element_type=\"widget\" data-widget_type=\"heading.default\">\n\t\t\t\t<div class=\"elementor-widget-container\">\n\t\t\t\t\t<h2 class=\"elementor-heading-title elementor-size-default\">Innovative Solutions &amp; Approaches<\/h2>\t\t\t\t<\/div>\n\t\t\t\t<\/div>\n\t\t\t\t<\/div>\n\t\t<div class=\"elementor-element elementor-element-da700a5 e-flex e-con-boxed e-con e-parent\" data-id=\"da700a5\" data-element_type=\"container\">\n\t\t\t\t\t<div class=\"e-con-inner\">\n\t\t<div class=\"elementor-element elementor-element-b36ebe7 e-con-full e-flex e-con e-child\" data-id=\"b36ebe7\" data-element_type=\"container\">\n\t\t\t\t<div class=\"elementor-element elementor-element-898681c exad-sticky-section-no exad-glass-effect-no elementor-widget elementor-widget-heading\" data-id=\"898681c\" data-element_type=\"widget\" data-widget_type=\"heading.default\">\n\t\t\t\t<div class=\"elementor-widget-container\">\n\t\t\t\t\t<h3 class=\"elementor-heading-title elementor-size-default\">Solutions<\/h3>\t\t\t\t<\/div>\n\t\t\t\t<\/div>\n\t\t\t\t<div class=\"elementor-element elementor-element-1cc4164 exad-sticky-section-no exad-glass-effect-no elementor-widget elementor-widget-text-editor\" data-id=\"1cc4164\" data-element_type=\"widget\" data-widget_type=\"text-editor.default\">\n\t\t\t\t<div class=\"elementor-widget-container\">\n\t\t\t\t\t\t\t\t\t<ul><li data-start=\"4005\" data-end=\"4363\"><strong data-start=\"4007\" data-end=\"4062\">Plateformes d\u2019E-learning et formation interactive :<\/strong><br data-start=\"4062\" data-end=\"4065\" \/>Les outils num\u00e9riques permettent la cr\u00e9ation d\u2019environnements d\u2019apprentissage en ligne intuitifs et interactifs. Ces plateformes offrent un acc\u00e8s flexible aux contenus, favorisent l\u2019apprentissage autonome et permettent d\u2019int\u00e9grer des ressources multim\u00e9dias pour enrichir l\u2019exp\u00e9rience p\u00e9dagogique.<\/li><\/ul><ul><li data-start=\"4364\" data-end=\"4663\"><strong data-start=\"4366\" data-end=\"4392\">Outils collaboratifs :<\/strong><br data-start=\"4392\" data-end=\"4395\" \/>L\u2019utilisation de solutions collaboratives facilite la communication entre enseignants et \u00e9tudiants, encourage les travaux de groupe et renforce la participation active en classe. Ces outils am\u00e9liorent \u00e9galement la gestion administrative des cours et des \u00e9valuations.<\/li><\/ul><ul><li data-start=\"4664\" data-end=\"5023\"><strong data-start=\"4666\" data-end=\"4733\">Formation continue et d\u00e9veloppement des comp\u00e9tences digitales :<\/strong><br data-start=\"4733\" data-end=\"4736\" \/>Les programmes de formation d\u00e9di\u00e9s aux enseignants et aux \u00e9tudiants permettent de ma\u00eetriser les outils digitaux et d\u2019int\u00e9grer les comp\u00e9tences technologiques dans les cursus scolaires. Des certifications et des modules de formation continue assurent une mont\u00e9e en comp\u00e9tences r\u00e9guli\u00e8re.<\/li><\/ul>\t\t\t\t\t\t\t\t<\/div>\n\t\t\t\t<\/div>\n\t\t\t\t<\/div>\n\t\t<div class=\"elementor-element elementor-element-f6bfe0c e-con-full e-flex e-con e-child\" data-id=\"f6bfe0c\" data-element_type=\"container\">\n\t\t\t\t<div class=\"elementor-element elementor-element-feee542 exad-sticky-section-no exad-glass-effect-no elementor-widget elementor-widget-heading\" data-id=\"feee542\" data-element_type=\"widget\" data-widget_type=\"heading.default\">\n\t\t\t\t<div class=\"elementor-widget-container\">\n\t\t\t\t\t<h3 class=\"elementor-heading-title elementor-size-default\">Benefits for the Education Sector<\/h3>\t\t\t\t<\/div>\n\t\t\t\t<\/div>\n\t\t\t\t<div class=\"elementor-element elementor-element-2748ae5 exad-sticky-section-no exad-glass-effect-no elementor-widget elementor-widget-text-editor\" data-id=\"2748ae5\" data-element_type=\"widget\" data-widget_type=\"text-editor.default\">\n\t\t\t\t<div class=\"elementor-widget-container\">\n\t\t\t\t\t\t\t\t\t<ul><li data-start=\"5066\" data-end=\"5272\"><strong data-start=\"3\" data-end=\"35\" data-is-only-node=\"\">Flexibility &amp; Accessibility:<\/strong> Digital solutions provide significant flexibility, enabling learners to access content on any device and advance at their own pace.<\/li><\/ul><p>\u00a0<\/p><ul><li data-start=\"5273\" data-end=\"5425\"><strong data-start=\"128\" data-end=\"159\" data-is-only-node=\"\">Engagement and Interaction:<\/strong> Interactive technologies drive student involvement, making lessons more engaging and teamwork\u2011oriented.<\/li><\/ul><p>\u00a0<\/p><ul><li data-start=\"5426\" data-end=\"5627\"><strong data-start=\"104\" data-end=\"131\">Teaching Modernization:<\/strong> Digital transformation overhauls instructional methods, making teaching more aligned with the evolving demands of the 21st century and ensuring students are ready for future challenges.<\/li><\/ul><p>\u00a0<\/p><ul><li>The digital shift in education acts as a vital catalyst to update pedagogical approaches and enhance interactivity and accessibility in the classroom. By adopting these tools, schools can offer richer learning environments aligned with evolving technologies and the needs of new generations.<\/li><\/ul>\t\t\t\t\t\t\t\t<\/div>\n\t\t\t\t<\/div>\n\t\t\t\t<\/div>\n\t\t\t\t\t<\/div>\n\t\t\t\t<\/div>\n\t\t<div class=\"elementor-element elementor-element-1907d97 e-flex e-con-boxed e-con e-parent\" data-id=\"1907d97\" data-element_type=\"container\">\n\t\t\t\t\t<div class=\"e-con-inner\">\n\t\t<div class=\"elementor-element elementor-element-092320e e-con-full e-flex e-con e-child\" data-id=\"092320e\" data-element_type=\"container\">\n\t\t\t\t<\/div>\n\t\t<div class=\"elementor-element elementor-element-536d2c8 e-con-full e-flex e-con e-child\" data-id=\"536d2c8\" data-element_type=\"container\">\n\t\t\t\t<div class=\"elementor-element elementor-element-290b10e elementor-widget-widescreen__width-auto exad-sticky-section-no exad-glass-effect-no elementor-widget elementor-widget-ucaddon_underline_link_hover_effect\" data-id=\"290b10e\" data-element_type=\"widget\" data-widget_type=\"ucaddon_underline_link_hover_effect.default\">\n\t\t\t\t<div class=\"elementor-widget-container\">\n\t\t\t\t\t\n<!-- start Underline Link Hover Effect -->\n\t\t<link id='font-awesome-css' href='https:\/\/merakytech.com\/modules14\/assets_libraries\/font-awesome6\/fontawesome-all.min.css' type='text\/css' rel='stylesheet' >\n\t\t<link id='font-awesome-4-shim-css' href='https:\/\/merakytech.com\/modules14\/assets_libraries\/font-awesome6\/fontawesome-v4-shims.min.css' type='text\/css' rel='stylesheet' >\n\n<style>\/* widget: Underline Link Hover Effect *\/\n\n#uc_underline_link_hover_effect_elementor_290b10e{\n  display:flex;\n} \n\n#uc_underline_link_hover_effect_elementor_290b10e a.ue-link{\n  display:flex;\n  position:relative;\n  align-items:center;\n  justify-content:center;\n  text-decoration:none;\n}\n\n#uc_underline_link_hover_effect_elementor_290b10e a.ue-link:after{\n  content: \"\";\n    width:100%;\n    position:absolute;\n  bottom:0px;\n    left:0px;\n    display: block;\n  transition:1s;\n}\n\n#uc_underline_link_hover_effect_elementor_290b10e a:hover:after{\n    width:0%;\n  }\n\n#uc_underline_link_hover_effect_elementor_290b10e .ue-link-hover-effect-spacing{\n  transition:1s;\n}\n\n#uc_underline_link_hover_effect_elementor_290b10e .ue-link-hover-effect-text{\n  padding:10px 0px;\n}\n\n#uc_underline_link_hover_effect_elementor_290b10e .ue-link-hover-effect-icon{\n  line-height:1em;\n  transition:1s;\n}\n\n#uc_underline_link_hover_effect_elementor_290b10e .ue-link-hover-effect-icon svg{\n  height:1em;\n  width:1em;\n}\n\n<\/style>\n\n<div id=\"uc_underline_link_hover_effect_elementor_290b10e\" class=\"ue-link-wrap\">\n  <a class=\"ue-link\" href=\"https:\/\/merakytech.com\/contact\/\" >\n    <div class=\"ue-link-hover-effect-text\">Let's start your project now<\/div>\n    <div class=\"ue-link-hover-effect-spacing\"><\/div>\n    <div class=\"ue-link-hover-effect-icon\"><i class='fas fa-arrow-right'><\/i><\/div>\n  <\/a>\n<\/div>\n<!-- end Underline Link Hover Effect -->\t\t\t\t<\/div>\n\t\t\t\t<\/div>\n\t\t\t\t<\/div>\n\t\t<div class=\"elementor-element elementor-element-ae7fd9a e-con-full e-flex e-con e-child\" data-id=\"ae7fd9a\" data-element_type=\"container\">\n\t\t\t\t<\/div>\n\t\t\t\t\t<\/div>\n\t\t\t\t<\/div>\n\t\t\t\t<\/div>\n\t\t","protected":false},"excerpt":{"rendered":"<p>Education \u2013 Digital Transformation &amp; Innovative Training Education \u2013 Digital Transformation &amp; Innovative Training Education \u2013 Digital Transformation &amp; Innovative Training Digital transformation is revolutionizing education by introducing new teaching and learning methods. In today\u2019s world, educational institutions must embrace innovative solutions to boost instructional effectiveness and equip learners for the demands of modern professional [&hellip;]<\/p>\n","protected":false},"author":1,"featured_media":0,"parent":0,"menu_order":0,"comment_status":"closed","ping_status":"closed","template":"elementor_header_footer","meta":{"footnotes":""},"class_list":["post-16282","page","type-page","status-publish","hentry"],"_links":{"self":[{"href":"https:\/\/merakytech.com\/fr\/wp-json\/wp\/v2\/pages\/16282","targetHints":{"allow":["GET"]}}],"collection":[{"href":"https:\/\/merakytech.com\/fr\/wp-json\/wp\/v2\/pages"}],"about":[{"href":"https:\/\/merakytech.com\/fr\/wp-json\/wp\/v2\/types\/page"}],"author":[{"embeddable":true,"href":"https:\/\/merakytech.com\/fr\/wp-json\/wp\/v2\/users\/1"}],"replies":[{"embeddable":true,"href":"https:\/\/merakytech.com\/fr\/wp-json\/wp\/v2\/comments?post=16282"}],"version-history":[{"count":61,"href":"https:\/\/merakytech.com\/fr\/wp-json\/wp\/v2\/pages\/16282\/revisions"}],"predecessor-version":[{"id":18193,"href":"https:\/\/merakytech.com\/fr\/wp-json\/wp\/v2\/pages\/16282\/revisions\/18193"}],"wp:attachment":[{"href":"https:\/\/merakytech.com\/fr\/wp-json\/wp\/v2\/media?parent=16282"}],"curies":[{"name":"wp","href":"https:\/\/api.w.org\/{rel}","templated":true}]}}