{"id":16524,"date":"2025-03-06T05:14:06","date_gmt":"2025-03-06T05:14:06","guid":{"rendered":"https:\/\/merakytech.com\/?page_id=16524"},"modified":"2025-04-07T15:13:53","modified_gmt":"2025-04-07T15:13:53","slug":"start-ups","status":"publish","type":"page","link":"https:\/\/merakytech.com\/en\/start-ups\/","title":{"rendered":"Start-ups - Digital acceleration and innovation for entrepreneurs"},"content":{"rendered":"<div data-elementor-type=\"wp-page\" data-elementor-id=\"16524\" class=\"elementor elementor-16524\" data-elementor-post-type=\"page\">\n\t\t\t\t<div class=\"elementor-element elementor-element-16245ac e-con-full elementor-hidden-desktop elementor-hidden-laptop elementor-hidden-tablet_extra elementor-hidden-tablet elementor-hidden-mobile_extra elementor-hidden-mobile e-flex e-con e-parent\" data-id=\"16245ac\" data-element_type=\"container\" data-settings=\"{&quot;background_background&quot;:&quot;gradient&quot;}\">\n\t\t<div class=\"elementor-element elementor-element-a3e5a91 e-flex e-con-boxed e-con e-child\" data-id=\"a3e5a91\" data-element_type=\"container\" data-settings=\"{&quot;background_background&quot;:&quot;classic&quot;}\">\n\t\t\t\t\t<div class=\"e-con-inner\">\n\t\t\t\t<div class=\"elementor-element elementor-element-e43adca elementor-widget__width-auto exad-sticky-section-no exad-glass-effect-no elementor-widget elementor-widget-heading\" data-id=\"e43adca\" data-element_type=\"widget\" data-widget_type=\"heading.default\">\n\t\t\t\t<div class=\"elementor-widget-container\">\n\t\t\t\t\t<h1 class=\"elementor-heading-title elementor-size-default\">Start-ups - Digital acceleration and innovation for entrepreneurs<\/h1>\t\t\t\t<\/div>\n\t\t\t\t<\/div>\n\t\t\t\t<div class=\"elementor-element elementor-element-b3b39de exad-sticky-section-no exad-glass-effect-no elementor-widget elementor-widget-image\" data-id=\"b3b39de\" data-element_type=\"widget\" data-widget_type=\"image.default\">\n\t\t\t\t<div class=\"elementor-widget-container\">\n\t\t\t\t\t\t\t\t\t\t\t\t\t\t\t<img fetchpriority=\"high\" decoding=\"async\" width=\"1135\" height=\"635\" src=\"https:\/\/merakytech.com\/php_assets\/uploads\/2025\/03\/Startup.webp\" class=\"attachment-full size-full wp-image-16534\" alt=\"\" srcset=\"https:\/\/merakytech.com\/php_assets\/uploads\/2025\/03\/Startup.webp 1135w, https:\/\/merakytech.com\/php_assets\/uploads\/2025\/03\/Startup-300x168.webp 300w, https:\/\/merakytech.com\/php_assets\/uploads\/2025\/03\/Startup-1024x573.webp 1024w, https:\/\/merakytech.com\/php_assets\/uploads\/2025\/03\/Startup-768x430.webp 768w, https:\/\/merakytech.com\/php_assets\/uploads\/2025\/03\/Startup-18x10.webp 18w\" sizes=\"(max-width: 1135px) 100vw, 1135px\" \/>\t\t\t\t\t\t\t\t\t\t\t\t\t\t\t<\/div>\n\t\t\t\t<\/div>\n\t\t\t\t\t<\/div>\n\t\t\t\t<\/div>\n\t\t\t\t<\/div>\n\t\t<div class=\"elementor-element elementor-element-ef9b5eb e-con-full elementor-hidden-widescreen elementor-hidden-mobile_extra elementor-hidden-mobile e-flex e-con e-parent\" data-id=\"ef9b5eb\" data-element_type=\"container\" data-settings=\"{&quot;background_background&quot;:&quot;gradient&quot;}\">\n\t\t<div class=\"elementor-element elementor-element-ecc1b82 e-flex e-con-boxed e-con e-child\" data-id=\"ecc1b82\" data-element_type=\"container\" data-settings=\"{&quot;background_background&quot;:&quot;classic&quot;}\">\n\t\t\t\t\t<div class=\"e-con-inner\">\n\t\t\t\t<div class=\"elementor-element elementor-element-b165af6 elementor-widget__width-auto exad-sticky-section-no exad-glass-effect-no elementor-widget elementor-widget-heading\" data-id=\"b165af6\" data-element_type=\"widget\" data-widget_type=\"heading.default\">\n\t\t\t\t<div class=\"elementor-widget-container\">\n\t\t\t\t\t<h1 class=\"elementor-heading-title elementor-size-default\">Start-ups - Digital acceleration and innovation for entrepreneurs<\/h1>\t\t\t\t<\/div>\n\t\t\t\t<\/div>\n\t\t\t\t<div class=\"elementor-element elementor-element-b5f073d exad-sticky-section-no exad-glass-effect-no elementor-widget elementor-widget-image\" data-id=\"b5f073d\" data-element_type=\"widget\" data-widget_type=\"image.default\">\n\t\t\t\t<div class=\"elementor-widget-container\">\n\t\t\t\t\t\t\t\t\t\t\t\t\t\t\t<img decoding=\"async\" width=\"768\" height=\"430\" src=\"https:\/\/merakytech.com\/php_assets\/uploads\/2025\/03\/Startup-768x430.webp\" class=\"attachment-medium_large size-medium_large wp-image-16534\" alt=\"\" srcset=\"https:\/\/merakytech.com\/php_assets\/uploads\/2025\/03\/Startup-768x430.webp 768w, https:\/\/merakytech.com\/php_assets\/uploads\/2025\/03\/Startup-300x168.webp 300w, https:\/\/merakytech.com\/php_assets\/uploads\/2025\/03\/Startup-1024x573.webp 1024w, https:\/\/merakytech.com\/php_assets\/uploads\/2025\/03\/Startup-18x10.webp 18w, https:\/\/merakytech.com\/php_assets\/uploads\/2025\/03\/Startup.webp 1135w\" sizes=\"(max-width: 768px) 100vw, 768px\" \/>\t\t\t\t\t\t\t\t\t\t\t\t\t\t\t<\/div>\n\t\t\t\t<\/div>\n\t\t\t\t\t<\/div>\n\t\t\t\t<\/div>\n\t\t\t\t<\/div>\n\t\t<div class=\"elementor-element elementor-element-0c12999 e-con-full elementor-hidden-widescreen elementor-hidden-desktop elementor-hidden-laptop elementor-hidden-tablet_extra elementor-hidden-tablet e-flex e-con e-parent\" data-id=\"0c12999\" data-element_type=\"container\" data-settings=\"{&quot;background_background&quot;:&quot;gradient&quot;}\">\n\t\t<div class=\"elementor-element elementor-element-27fa6e6 e-flex e-con-boxed e-con e-child\" data-id=\"27fa6e6\" data-element_type=\"container\" data-settings=\"{&quot;background_background&quot;:&quot;classic&quot;}\">\n\t\t\t\t\t<div class=\"e-con-inner\">\n\t\t\t\t<div class=\"elementor-element elementor-element-75cafeb elementor-widget__width-auto exad-sticky-section-no exad-glass-effect-no elementor-widget elementor-widget-heading\" data-id=\"75cafeb\" data-element_type=\"widget\" data-widget_type=\"heading.default\">\n\t\t\t\t<div class=\"elementor-widget-container\">\n\t\t\t\t\t<h1 class=\"elementor-heading-title elementor-size-default\">Start-ups - Digital acceleration and innovation for entrepreneurs<\/h1>\t\t\t\t<\/div>\n\t\t\t\t<\/div>\n\t\t\t\t<div class=\"elementor-element elementor-element-cffef93 exad-sticky-section-no exad-glass-effect-no elementor-widget elementor-widget-image\" data-id=\"cffef93\" data-element_type=\"widget\" data-widget_type=\"image.default\">\n\t\t\t\t<div class=\"elementor-widget-container\">\n\t\t\t\t\t\t\t\t\t\t\t\t\t\t\t<img decoding=\"async\" width=\"300\" height=\"168\" src=\"https:\/\/merakytech.com\/php_assets\/uploads\/2025\/03\/Startup-300x168.webp\" class=\"attachment-medium size-medium wp-image-16534\" alt=\"\" srcset=\"https:\/\/merakytech.com\/php_assets\/uploads\/2025\/03\/Startup-300x168.webp 300w, https:\/\/merakytech.com\/php_assets\/uploads\/2025\/03\/Startup-1024x573.webp 1024w, https:\/\/merakytech.com\/php_assets\/uploads\/2025\/03\/Startup-768x430.webp 768w, https:\/\/merakytech.com\/php_assets\/uploads\/2025\/03\/Startup-18x10.webp 18w, https:\/\/merakytech.com\/php_assets\/uploads\/2025\/03\/Startup.webp 1135w\" sizes=\"(max-width: 300px) 100vw, 300px\" \/>\t\t\t\t\t\t\t\t\t\t\t\t\t\t\t<\/div>\n\t\t\t\t<\/div>\n\t\t\t\t\t<\/div>\n\t\t\t\t<\/div>\n\t\t\t\t<\/div>\n\t\t<div class=\"elementor-element elementor-element-adfe4ee e-con-full e-flex e-con e-parent\" data-id=\"adfe4ee\" data-element_type=\"container\">\n\t\t\t\t<div class=\"elementor-element elementor-element-ab66d51 exad-sticky-section-no exad-glass-effect-no elementor-widget elementor-widget-text-editor\" data-id=\"ab66d51\" data-element_type=\"widget\" data-widget_type=\"text-editor.default\">\n\t\t\t\t<div class=\"elementor-widget-container\">\n\t\t\t\t\t\t\t\t\t<p>Visit <strong>start-ups<\/strong> operate in a dynamic environment where innovation and speed of execution are essential. Our solutions for start-ups aim to provide entrepreneurs with the tools and support they need to transform their ideas into concrete, competitive projects.<\/p>\t\t\t\t\t\t\t\t<\/div>\n\t\t\t\t<\/div>\n\t\t\t\t<\/div>\n\t\t<div class=\"elementor-element elementor-element-c10a339 e-con-full e-flex e-con e-parent\" data-id=\"c10a339\" data-element_type=\"container\">\n\t\t\t\t<div class=\"elementor-element elementor-element-287d1da elementor-widget__width-auto exad-sticky-section-no exad-glass-effect-no elementor-widget elementor-widget-heading\" data-id=\"287d1da\" data-element_type=\"widget\" data-widget_type=\"heading.default\">\n\t\t\t\t<div class=\"elementor-widget-container\">\n\t\t\t\t\t<h2 class=\"elementor-heading-title elementor-size-default\">Solutions and innovations<\/h2>\t\t\t\t<\/div>\n\t\t\t\t<\/div>\n\t\t\t\t<\/div>\n\t\t<div class=\"elementor-element elementor-element-6e1c943 e-flex e-con-boxed e-con e-parent\" data-id=\"6e1c943\" data-element_type=\"container\">\n\t\t\t\t\t<div class=\"e-con-inner\">\n\t\t<div class=\"elementor-element elementor-element-be33426 e-con-full e-flex e-con e-child\" data-id=\"be33426\" data-element_type=\"container\">\n\t\t\t\t<div class=\"elementor-element elementor-element-b8f09cd exad-sticky-section-no exad-glass-effect-no elementor-widget elementor-widget-heading\" data-id=\"b8f09cd\" data-element_type=\"widget\" data-widget_type=\"heading.default\">\n\t\t\t\t<div class=\"elementor-widget-container\">\n\t\t\t\t\t<h3 class=\"elementor-heading-title elementor-size-default\">Solutions<\/h3>\t\t\t\t<\/div>\n\t\t\t\t<\/div>\n\t\t\t\t<div class=\"elementor-element elementor-element-9a36533 exad-sticky-section-no exad-glass-effect-no elementor-widget elementor-widget-text-editor\" data-id=\"9a36533\" data-element_type=\"widget\" data-widget_type=\"text-editor.default\">\n\t\t\t\t<div class=\"elementor-widget-container\">\n\t\t\t\t\t\t\t\t\t<ul><li data-start=\"12956\" data-end=\"13126\"><strong data-start=\"12958\" data-end=\"12990\">Strategic support :<\/strong><br data-start=\"12990\" data-end=\"12993\" \/>Coaching, mentoring and personalized advice to develop an effective digital strategy and structure your business model.<\/li><\/ul><p>\u00a0<\/p><ul><li data-start=\"13127\" data-end=\"13339\"><strong data-start=\"13129\" data-end=\"13176\">Digital Tools and Innovative Platforms :<\/strong><br data-start=\"13176\" data-end=\"13179\" \/>Providing SaaS solutions, collaborative platforms and project management tools to facilitate growth and day-to-day management.<\/li><\/ul><p>\u00a0<\/p><ul><li data-start=\"13340\" data-end=\"13556\"><strong data-start=\"13342\" data-end=\"13377\">Accelerating Growth:<\/strong><br data-start=\"13377\" data-end=\"13380\" \/>Incubation and acceleration programs that include training sessions, workshops and strategic partnerships to boost your business development.<\/li><\/ul>\t\t\t\t\t\t\t\t<\/div>\n\t\t\t\t<\/div>\n\t\t\t\t<\/div>\n\t\t<div class=\"elementor-element elementor-element-ca0053d e-con-full e-flex e-con e-child\" data-id=\"ca0053d\" data-element_type=\"container\">\n\t\t\t\t<div class=\"elementor-element elementor-element-eefb917 exad-sticky-section-no exad-glass-effect-no elementor-widget elementor-widget-heading\" data-id=\"eefb917\" data-element_type=\"widget\" data-widget_type=\"heading.default\">\n\t\t\t\t<div class=\"elementor-widget-container\">\n\t\t\t\t\t<h3 class=\"elementor-heading-title elementor-size-default\">Concrete benefits<\/h3>\t\t\t\t<\/div>\n\t\t\t\t<\/div>\n\t\t\t\t<div class=\"elementor-element elementor-element-6e34ec9 exad-sticky-section-no exad-glass-effect-no elementor-widget elementor-widget-text-editor\" data-id=\"6e34ec9\" data-element_type=\"widget\" data-widget_type=\"text-editor.default\">\n\t\t\t\t<div class=\"elementor-widget-container\">\n\t\t\t\t\t\t\t\t\t<ul><li data-start=\"2213\" data-end=\"2409\">By supporting start-ups in their digital transformation, we help create an innovation ecosystem conducive to success. Our solutions give you the flexibility, responsiveness and competitive edge you need to turn your ideas into success.<\/li><\/ul>\t\t\t\t\t\t\t\t<\/div>\n\t\t\t\t<\/div>\n\t\t\t\t<\/div>\n\t\t\t\t\t<\/div>\n\t\t\t\t<\/div>\n\t\t<div class=\"elementor-element elementor-element-3c8512c e-flex e-con-boxed e-con e-parent\" data-id=\"3c8512c\" data-element_type=\"container\">\n\t\t\t\t\t<div class=\"e-con-inner\">\n\t\t<div class=\"elementor-element elementor-element-00c7710 e-con-full e-flex e-con e-child\" data-id=\"00c7710\" data-element_type=\"container\">\n\t\t\t\t<\/div>\n\t\t<div class=\"elementor-element elementor-element-572fb4d e-con-full e-flex e-con e-child\" data-id=\"572fb4d\" data-element_type=\"container\">\n\t\t\t\t<div class=\"elementor-element elementor-element-282a56f elementor-widget-widescreen__width-auto exad-sticky-section-no exad-glass-effect-no elementor-widget elementor-widget-ucaddon_underline_link_hover_effect\" data-id=\"282a56f\" data-element_type=\"widget\" data-widget_type=\"ucaddon_underline_link_hover_effect.default\">\n\t\t\t\t<div class=\"elementor-widget-container\">\n\t\t\t\t\t\n<!-- start Underline Link Hover Effect -->\n\t\t<link id='font-awesome-css' href='https:\/\/merakytech.com\/modules14\/assets_libraries\/font-awesome6\/fontawesome-all.min.css' type='text\/css' rel='stylesheet' >\n\t\t<link id='font-awesome-4-shim-css' href='https:\/\/merakytech.com\/modules14\/assets_libraries\/font-awesome6\/fontawesome-v4-shims.min.css' type='text\/css' rel='stylesheet' >\n\n<style>\/* widget: Underline Link Hover Effect *\/\n\n#uc_underline_link_hover_effect_elementor_282a56f{\n  display:flex;\n} \n\n#uc_underline_link_hover_effect_elementor_282a56f a.ue-link{\n  display:flex;\n  position:relative;\n  align-items:center;\n  justify-content:center;\n  text-decoration:none;\n}\n\n#uc_underline_link_hover_effect_elementor_282a56f a.ue-link:after{\n  content: \"\";\n    width:100%;\n    position:absolute;\n  bottom:0px;\n    left:0px;\n    display: block;\n  transition:1s;\n}\n\n#uc_underline_link_hover_effect_elementor_282a56f a:hover:after{\n    width:0%;\n  }\n\n#uc_underline_link_hover_effect_elementor_282a56f .ue-link-hover-effect-spacing{\n  transition:1s;\n}\n\n#uc_underline_link_hover_effect_elementor_282a56f .ue-link-hover-effect-text{\n  padding:10px 0px;\n}\n\n#uc_underline_link_hover_effect_elementor_282a56f .ue-link-hover-effect-icon{\n  line-height:1em;\n  transition:1s;\n}\n\n#uc_underline_link_hover_effect_elementor_282a56f .ue-link-hover-effect-icon svg{\n  height:1em;\n  width:1em;\n}\n\n<\/style>\n\n<div id=\"uc_underline_link_hover_effect_elementor_282a56f\" class=\"ue-link-wrap\">\n  <a class=\"ue-link\" href=\"https:\/\/merakytech.com\/contact\/\" >\n    <div class=\"ue-link-hover-effect-text\">Start your project now<\/div>\n    <div class=\"ue-link-hover-effect-spacing\"><\/div>\n    <div class=\"ue-link-hover-effect-icon\"><i class='fas fa-arrow-right'><\/i><\/div>\n  <\/a>\n<\/div>\n<!-- end Underline Link Hover Effect -->\t\t\t\t<\/div>\n\t\t\t\t<\/div>\n\t\t\t\t<\/div>\n\t\t<div class=\"elementor-element elementor-element-092acee e-con-full e-flex e-con e-child\" data-id=\"092acee\" data-element_type=\"container\">\n\t\t\t\t<\/div>\n\t\t\t\t\t<\/div>\n\t\t\t\t<\/div>\n\t\t\t\t<\/div>","protected":false},"excerpt":{"rendered":"<p>Start-ups \u2013 Acc\u00e9l\u00e9ration digitale et innovation pour entrepreneurs Start-ups \u2013 Acc\u00e9l\u00e9ration digitale et innovation pour entrepreneurs Start-ups \u2013 Acc\u00e9l\u00e9ration digitale et innovation pour entrepreneurs Les start-ups \u00e9voluent dans un environnement dynamique o\u00f9 l\u2019innovation et la rapidit\u00e9 d\u2019ex\u00e9cution sont essentielles. Nos solutions pour start-ups visent \u00e0 fournir aux entrepreneurs les outils et l\u2019accompagnement n\u00e9cessaires pour transformer [&hellip;]<\/p>","protected":false},"author":1,"featured_media":0,"parent":0,"menu_order":0,"comment_status":"closed","ping_status":"closed","template":"elementor_header_footer","meta":{"footnotes":""},"class_list":["post-16524","page","type-page","status-publish","hentry"],"_links":{"self":[{"href":"https:\/\/merakytech.com\/en\/wp-json\/wp\/v2\/pages\/16524","targetHints":{"allow":["GET"]}}],"collection":[{"href":"https:\/\/merakytech.com\/en\/wp-json\/wp\/v2\/pages"}],"about":[{"href":"https:\/\/merakytech.com\/en\/wp-json\/wp\/v2\/types\/page"}],"author":[{"embeddable":true,"href":"https:\/\/merakytech.com\/en\/wp-json\/wp\/v2\/users\/1"}],"replies":[{"embeddable":true,"href":"https:\/\/merakytech.com\/en\/wp-json\/wp\/v2\/comments?post=16524"}],"version-history":[{"count":31,"href":"https:\/\/merakytech.com\/en\/wp-json\/wp\/v2\/pages\/16524\/revisions"}],"predecessor-version":[{"id":17473,"href":"https:\/\/merakytech.com\/en\/wp-json\/wp\/v2\/pages\/16524\/revisions\/17473"}],"wp:attachment":[{"href":"https:\/\/merakytech.com\/en\/wp-json\/wp\/v2\/media?parent=16524"}],"curies":[{"name":"wp","href":"https:\/\/api.w.org\/{rel}","templated":true}]}}